{"id":102748,"date":"2026-04-15T03:01:53","date_gmt":"2026-04-15T01:01:53","guid":{"rendered":"https:\/\/hantom.ch\/product\/e0404115-bt-extremite-1kv-4-conduct-ext-avec-connect-a-vis-evf45-ds-016-050-1-2\/"},"modified":"2026-04-01T10:36:13","modified_gmt":"2026-04-01T08:36:13","slug":"e0404115-bt-extremite-1kv-4-conduct-ext-avec-connect-a-vis-evf45-ds-016-050-1-2","status":"publish","type":"product","link":"https:\/\/hantom.ch\/fr\/produit\/e0404115-bt-extremite-1kv-4-conduct-ext-avec-connect-a-vis-evf45-ds-016-050-1-2\/","title":{"rendered":"E0404115 &#8211; BT Extr\u00e9mit\u00e9 1kV 4 conduct. ext., avec connect. \u00e0 vis EVF45\/DS 016-050 (1)"},"content":{"rendered":"<p>BT Extr\u00e9mit\u00e9 thermor\u00e9tractable ext\u00e9rieure 1 kV<br \/>avec connecteur \u00e0 vis \u00e9tanche<br \/>longitudinalement avec vis \u00e0 t\u00eate fusible<br \/>GKN 3 x 16&#8230;50\/16&#8230;50 mm2<br \/>Conducteur Cu ou Al:  re, rm, se, sm<br \/>Set \u00e0 1 pce<\/p>\n","protected":false},"excerpt":{"rendered":"<p>BT Extr\u00e9mit\u00e9 thermor\u00e9tractable ext\u00e9rieure 1 kVavec connecteur \u00e0 vis \u00e9tanchelongitudinalement avec vis \u00e0 t\u00eate fusibleGKN 3 x 16&#8230;50\/16&#8230;50 mm2Conducteur Cu ou Al: re, rm, se, smSet \u00e0 1 pce<\/p>\n","protected":false},"featured_media":75585,"template":"","meta":[],"product_brand":[],"product_cat":[1125,1111,1065,1128,1130],"product_tag":[],"class_list":{"0":"post-102748","1":"product","2":"type-product","3":"status-publish","4":"has-post-thumbnail","6":"product_cat-e0403-fr","7":"product_cat-e04-fr","8":"product_cat-e-fr","9":"product_cat-e0404-fr","10":"product_cat-e04041-fr","12":"first","13":"instock","14":"taxable","15":"shipping-taxable","16":"purchasable","17":"product-type-simple"},"_links":{"self":[{"href":"https:\/\/hantom.ch\/fr\/wp-json\/wp\/v2\/product\/102748","targetHints":{"allow":["GET"]}}],"collection":[{"href":"https:\/\/hantom.ch\/fr\/wp-json\/wp\/v2\/product"}],"about":[{"href":"https:\/\/hantom.ch\/fr\/wp-json\/wp\/v2\/types\/product"}],"wp:featuredmedia":[{"embeddable":true,"href":"https:\/\/hantom.ch\/fr\/wp-json\/wp\/v2\/media\/75585"}],"wp:attachment":[{"href":"https:\/\/hantom.ch\/fr\/wp-json\/wp\/v2\/media?parent=102748"}],"wp:term":[{"taxonomy":"product_brand","embeddable":true,"href":"https:\/\/hantom.ch\/fr\/wp-json\/wp\/v2\/product_brand?post=102748"},{"taxonomy":"product_cat","embeddable":true,"href":"https:\/\/hantom.ch\/fr\/wp-json\/wp\/v2\/product_cat?post=102748"},{"taxonomy":"product_tag","embeddable":true,"href":"https:\/\/hantom.ch\/fr\/wp-json\/wp\/v2\/product_tag?post=102748"}],"curies":[{"name":"wp","href":"https:\/\/api.w.org\/{rel}","templated":true}]}}