{"id":102754,"date":"2026-04-18T04:32:04","date_gmt":"2026-04-18T02:32:04","guid":{"rendered":"https:\/\/hantom.ch\/product\/e0705105-attache-cables-afc-a-kg-l-820mm-kbu-500-590-mm-1-2\/"},"modified":"2026-04-01T10:40:13","modified_gmt":"2026-04-01T08:40:13","slug":"e0705105-attache-cables-afc-a-kg-l-820mm-kbu-500-590-mm-1-2","status":"publish","type":"product","link":"https:\/\/hantom.ch\/fr\/produit\/e0705105-attache-cables-afc-a-kg-l-820mm-kbu-500-590-mm-1-2\/","title":{"rendered":"E0705105 &#8211; Attache-c\u00e2bles KG820 \/ U: 490-590mm \/ D: (3x)72-90mm (1)"},"content":{"rendered":"<p>Sangles de serrage pour le bandage anti-court-circuit des c\u00e2bles \u00e0 conducteur unique.<br \/>En polypropyl\u00e8ne, noir, sans halog\u00e8ne, avec bande velcro et bande adh\u00e9sive cousues.<br \/>Fermeture : deux anneaux m\u00e9talliques press\u00e9s 6&#215;42 mm (isolants \u00e9lectriquement) sur un c\u00f4t\u00e9<br \/>Longueur : 820 mm \/ Largeur : 40 mm<br \/>Circonf\u00e9rence du faisceau de c\u00e2bles : 490-590 mm<br \/>Diam\u00e8tre des conducteurs individuels : (3x) 72-90 mm<br \/>Charge de rupture : 800 kg<\/p>\n<p>1 pi\u00e8ce<\/p>\n","protected":false},"excerpt":{"rendered":"<p>Sangles de serrage pour le bandage anti-court-circuit des c\u00e2bles \u00e0 conducteur unique.En polypropyl\u00e8ne, noir, sans halog\u00e8ne, avec bande velcro et bande adh\u00e9sive cousues.Fermeture : deux anneaux m\u00e9talliques press\u00e9s 6&#215;42 mm (isolants \u00e9lectriquement) sur un c\u00f4t\u00e9Longueur : 820 mm \/ Largeur : 40 mmCirconf\u00e9rence du faisceau de c\u00e2bles : 490-590 mmDiam\u00e8tre des conducteurs individuels : (3x) [&hellip;]<\/p>\n","protected":false},"featured_media":33287,"template":"","meta":[],"product_brand":[],"product_cat":[1262,1065,1285,1287],"product_tag":[],"class_list":{"0":"post-102754","1":"product","2":"type-product","3":"status-publish","4":"has-post-thumbnail","6":"product_cat-e07-fr","7":"product_cat-e-fr","8":"product_cat-e0705-fr","9":"product_cat-e07051-fr","11":"first","12":"instock","13":"taxable","14":"shipping-taxable","15":"purchasable","16":"product-type-simple"},"_links":{"self":[{"href":"https:\/\/hantom.ch\/fr\/wp-json\/wp\/v2\/product\/102754","targetHints":{"allow":["GET"]}}],"collection":[{"href":"https:\/\/hantom.ch\/fr\/wp-json\/wp\/v2\/product"}],"about":[{"href":"https:\/\/hantom.ch\/fr\/wp-json\/wp\/v2\/types\/product"}],"wp:featuredmedia":[{"embeddable":true,"href":"https:\/\/hantom.ch\/fr\/wp-json\/wp\/v2\/media\/33287"}],"wp:attachment":[{"href":"https:\/\/hantom.ch\/fr\/wp-json\/wp\/v2\/media?parent=102754"}],"wp:term":[{"taxonomy":"product_brand","embeddable":true,"href":"https:\/\/hantom.ch\/fr\/wp-json\/wp\/v2\/product_brand?post=102754"},{"taxonomy":"product_cat","embeddable":true,"href":"https:\/\/hantom.ch\/fr\/wp-json\/wp\/v2\/product_cat?post=102754"},{"taxonomy":"product_tag","embeddable":true,"href":"https:\/\/hantom.ch\/fr\/wp-json\/wp\/v2\/product_tag?post=102754"}],"curies":[{"name":"wp","href":"https:\/\/api.w.org\/{rel}","templated":true}]}}