{"id":102758,"date":"2026-05-01T04:47:23","date_gmt":"2026-05-01T02:47:23","guid":{"rendered":"https:\/\/hantom.ch\/product\/e0706012-bride-de-fixation-en-caoutchouc-afc-a-bct1-31-035-2s-1-2\/"},"modified":"2026-04-01T10:40:17","modified_gmt":"2026-04-01T08:40:17","slug":"e0706012-bride-de-fixation-en-caoutchouc-afc-a-bct1-31-035-2s-1-2","status":"publish","type":"product","link":"https:\/\/hantom.ch\/fr\/produit\/e0706012-bride-de-fixation-en-caoutchouc-afc-a-bct1-31-035-2s-1-2\/","title":{"rendered":"E0706012 &#8211; Bride de fixation en caoutchouc AFC-A-BCT1\/31-035 2S (1)"},"content":{"rendered":"<p>Bride de fixation en caoutchouc, compl\u00e8te avec 2 tiges <br \/>filet\u00e9es M8x70, \u00e9crous, rondelles et anneau ressort<\/p>\n","protected":false},"excerpt":{"rendered":"<p>Bride de fixation en caoutchouc, compl\u00e8te avec 2 tiges filet\u00e9es M8x70, \u00e9crous, rondelles et anneau ressort<\/p>\n","protected":false},"featured_media":32601,"template":"","meta":[],"product_brand":[],"product_cat":[1262,1288,1289,1065],"product_tag":[],"class_list":{"0":"post-102758","1":"product","2":"type-product","3":"status-publish","4":"has-post-thumbnail","6":"product_cat-e07-fr","7":"product_cat-e0706-fr","8":"product_cat-e07060-fr","9":"product_cat-e-fr","11":"first","12":"instock","13":"taxable","14":"shipping-taxable","15":"purchasable","16":"product-type-simple"},"_links":{"self":[{"href":"https:\/\/hantom.ch\/fr\/wp-json\/wp\/v2\/product\/102758","targetHints":{"allow":["GET"]}}],"collection":[{"href":"https:\/\/hantom.ch\/fr\/wp-json\/wp\/v2\/product"}],"about":[{"href":"https:\/\/hantom.ch\/fr\/wp-json\/wp\/v2\/types\/product"}],"wp:featuredmedia":[{"embeddable":true,"href":"https:\/\/hantom.ch\/fr\/wp-json\/wp\/v2\/media\/32601"}],"wp:attachment":[{"href":"https:\/\/hantom.ch\/fr\/wp-json\/wp\/v2\/media?parent=102758"}],"wp:term":[{"taxonomy":"product_brand","embeddable":true,"href":"https:\/\/hantom.ch\/fr\/wp-json\/wp\/v2\/product_brand?post=102758"},{"taxonomy":"product_cat","embeddable":true,"href":"https:\/\/hantom.ch\/fr\/wp-json\/wp\/v2\/product_cat?post=102758"},{"taxonomy":"product_tag","embeddable":true,"href":"https:\/\/hantom.ch\/fr\/wp-json\/wp\/v2\/product_tag?post=102758"}],"curies":[{"name":"wp","href":"https:\/\/api.w.org\/{rel}","templated":true}]}}