{"id":102763,"date":"2026-05-01T05:01:03","date_gmt":"2026-05-01T03:01:03","guid":{"rendered":"https:\/\/hantom.ch\/product\/e0706017-bride-de-fixation-en-caoutchouc-afc-a-bct1-66-077-2s1-2\/"},"modified":"2026-04-01T10:40:20","modified_gmt":"2026-04-01T08:40:20","slug":"e0706017-bride-de-fixation-en-caoutchouc-afc-a-bct1-66-077-2s1-2","status":"publish","type":"product","link":"https:\/\/hantom.ch\/fr\/produit\/e0706017-bride-de-fixation-en-caoutchouc-afc-a-bct1-66-077-2s1-2\/","title":{"rendered":"E0706017 &#8211; Bride de fixation en caoutchouc AFC-A-BCT1\/66-077 2S(1)"},"content":{"rendered":"<p>Bride de fixation en caoutchouc, compl\u00e8te avec 2 tiges <br \/>filet\u00e9es M10x140, \u00e9crous, rondelles et anneau ressort<\/p>\n","protected":false},"excerpt":{"rendered":"<p>Bride de fixation en caoutchouc, compl\u00e8te avec 2 tiges filet\u00e9es M10x140, \u00e9crous, rondelles et anneau ressort<\/p>\n","protected":false},"featured_media":32758,"template":"","meta":[],"product_brand":[],"product_cat":[1262,1288,1289,1065],"product_tag":[],"class_list":{"0":"post-102763","1":"product","2":"type-product","3":"status-publish","4":"has-post-thumbnail","6":"product_cat-e07-fr","7":"product_cat-e0706-fr","8":"product_cat-e07060-fr","9":"product_cat-e-fr","11":"first","12":"instock","13":"taxable","14":"shipping-taxable","15":"purchasable","16":"product-type-simple"},"_links":{"self":[{"href":"https:\/\/hantom.ch\/fr\/wp-json\/wp\/v2\/product\/102763","targetHints":{"allow":["GET"]}}],"collection":[{"href":"https:\/\/hantom.ch\/fr\/wp-json\/wp\/v2\/product"}],"about":[{"href":"https:\/\/hantom.ch\/fr\/wp-json\/wp\/v2\/types\/product"}],"wp:featuredmedia":[{"embeddable":true,"href":"https:\/\/hantom.ch\/fr\/wp-json\/wp\/v2\/media\/32758"}],"wp:attachment":[{"href":"https:\/\/hantom.ch\/fr\/wp-json\/wp\/v2\/media?parent=102763"}],"wp:term":[{"taxonomy":"product_brand","embeddable":true,"href":"https:\/\/hantom.ch\/fr\/wp-json\/wp\/v2\/product_brand?post=102763"},{"taxonomy":"product_cat","embeddable":true,"href":"https:\/\/hantom.ch\/fr\/wp-json\/wp\/v2\/product_cat?post=102763"},{"taxonomy":"product_tag","embeddable":true,"href":"https:\/\/hantom.ch\/fr\/wp-json\/wp\/v2\/product_tag?post=102763"}],"curies":[{"name":"wp","href":"https:\/\/api.w.org\/{rel}","templated":true}]}}