{"id":102831,"date":"2026-05-01T05:01:47","date_gmt":"2026-05-01T03:01:47","guid":{"rendered":"https:\/\/hantom.ch\/product\/e0706403-serre-cable-delta-type-dl3x-53-66\/"},"modified":"2026-04-01T10:40:38","modified_gmt":"2026-04-01T08:40:38","slug":"e0706403-serre-cable-delta-type-dl3x-53-66","status":"publish","type":"product","link":"https:\/\/hantom.ch\/fr\/produit\/e0706403-serre-cable-delta-type-dl3x-53-66\/","title":{"rendered":"E0706403 &#8211; Serre-c\u00e2ble DELTA Type DL3x\/53-66"},"content":{"rendered":"<p>Serre-c\u00e2ble type DELTA avec 3 trous de fixation.<br \/>Fixation de c\u00e2bles monoconducteurs dans un assemblage triple.<br \/>Diam\u00e8tre 3x 53-66mm<\/p>\n","protected":false},"excerpt":{"rendered":"<p>Serre-c\u00e2ble type DELTA avec 3 trous de fixation.Fixation de c\u00e2bles monoconducteurs dans un assemblage triple.Diam\u00e8tre 3x 53-66mm<\/p>\n","protected":false},"featured_media":33294,"template":"","meta":[],"product_brand":[],"product_cat":[1262,1288,1065,1292],"product_tag":[],"class_list":{"0":"post-102831","1":"product","2":"type-product","3":"status-publish","4":"has-post-thumbnail","6":"product_cat-e07-fr","7":"product_cat-e0706-fr","8":"product_cat-e-fr","9":"product_cat-e07064-fr","11":"first","12":"instock","13":"taxable","14":"shipping-taxable","15":"purchasable","16":"product-type-simple"},"_links":{"self":[{"href":"https:\/\/hantom.ch\/fr\/wp-json\/wp\/v2\/product\/102831","targetHints":{"allow":["GET"]}}],"collection":[{"href":"https:\/\/hantom.ch\/fr\/wp-json\/wp\/v2\/product"}],"about":[{"href":"https:\/\/hantom.ch\/fr\/wp-json\/wp\/v2\/types\/product"}],"wp:featuredmedia":[{"embeddable":true,"href":"https:\/\/hantom.ch\/fr\/wp-json\/wp\/v2\/media\/33294"}],"wp:attachment":[{"href":"https:\/\/hantom.ch\/fr\/wp-json\/wp\/v2\/media?parent=102831"}],"wp:term":[{"taxonomy":"product_brand","embeddable":true,"href":"https:\/\/hantom.ch\/fr\/wp-json\/wp\/v2\/product_brand?post=102831"},{"taxonomy":"product_cat","embeddable":true,"href":"https:\/\/hantom.ch\/fr\/wp-json\/wp\/v2\/product_cat?post=102831"},{"taxonomy":"product_tag","embeddable":true,"href":"https:\/\/hantom.ch\/fr\/wp-json\/wp\/v2\/product_tag?post=102831"}],"curies":[{"name":"wp","href":"https:\/\/api.w.org\/{rel}","templated":true}]}}