{"id":102837,"date":"2026-05-01T05:01:59","date_gmt":"2026-05-01T03:01:59","guid":{"rendered":"https:\/\/hantom.ch\/product\/e0706502-serre-cable-delta-eco-type-dle3x-33-46\/"},"modified":"2026-04-01T10:40:41","modified_gmt":"2026-04-01T08:40:41","slug":"e0706502-serre-cable-delta-eco-type-dle3x-33-46","status":"publish","type":"product","link":"https:\/\/hantom.ch\/fr\/produit\/e0706502-serre-cable-delta-eco-type-dle3x-33-46\/","title":{"rendered":"E0706502 &#8211; Serre-c\u00e2ble DELTA ECO Type DLE3x\/33-46"},"content":{"rendered":"<p>Serre-c\u00e2ble type DELTA avec 3 trous de fixation.<br \/>Fixation de c\u00e2bles monoconducteurs dans un assemblage triple.<br \/>Diam\u00e8tre 3x 33-46mm<\/p>\n","protected":false},"excerpt":{"rendered":"<p>Serre-c\u00e2ble type DELTA avec 3 trous de fixation.Fixation de c\u00e2bles monoconducteurs dans un assemblage triple.Diam\u00e8tre 3x 33-46mm<\/p>\n","protected":false},"featured_media":32793,"template":"","meta":[],"product_brand":[],"product_cat":[1262,1288,1065,1293],"product_tag":[],"class_list":{"0":"post-102837","1":"product","2":"type-product","3":"status-publish","4":"has-post-thumbnail","6":"product_cat-e07-fr","7":"product_cat-e0706-fr","8":"product_cat-e-fr","9":"product_cat-e07065-fr","11":"first","12":"instock","13":"taxable","14":"shipping-taxable","15":"purchasable","16":"product-type-simple"},"_links":{"self":[{"href":"https:\/\/hantom.ch\/fr\/wp-json\/wp\/v2\/product\/102837","targetHints":{"allow":["GET"]}}],"collection":[{"href":"https:\/\/hantom.ch\/fr\/wp-json\/wp\/v2\/product"}],"about":[{"href":"https:\/\/hantom.ch\/fr\/wp-json\/wp\/v2\/types\/product"}],"wp:featuredmedia":[{"embeddable":true,"href":"https:\/\/hantom.ch\/fr\/wp-json\/wp\/v2\/media\/32793"}],"wp:attachment":[{"href":"https:\/\/hantom.ch\/fr\/wp-json\/wp\/v2\/media?parent=102837"}],"wp:term":[{"taxonomy":"product_brand","embeddable":true,"href":"https:\/\/hantom.ch\/fr\/wp-json\/wp\/v2\/product_brand?post=102837"},{"taxonomy":"product_cat","embeddable":true,"href":"https:\/\/hantom.ch\/fr\/wp-json\/wp\/v2\/product_cat?post=102837"},{"taxonomy":"product_tag","embeddable":true,"href":"https:\/\/hantom.ch\/fr\/wp-json\/wp\/v2\/product_tag?post=102837"}],"curies":[{"name":"wp","href":"https:\/\/api.w.org\/{rel}","templated":true}]}}