{"id":102840,"date":"2026-05-01T05:02:05","date_gmt":"2026-05-01T03:02:05","guid":{"rendered":"https:\/\/hantom.ch\/product\/e0706801-serre-cable-quad-4-type-quad4x-25-35\/"},"modified":"2026-04-01T10:40:46","modified_gmt":"2026-04-01T08:40:46","slug":"e0706801-serre-cable-quad-4-type-quad4x-25-35","status":"publish","type":"product","link":"https:\/\/hantom.ch\/fr\/produit\/e0706801-serre-cable-quad-4-type-quad4x-25-35\/","title":{"rendered":"E0706801 &#8211; Serre-c\u00e2ble QUAD 4 Type QUAD4x\/25-35"},"content":{"rendered":"<p>Type QUAD4x\/25-35<br \/>Serre-c\u00e2ble type QUAD 4<br \/>Fixation de quatre c\u00e2bles individuels dans un carr\u00e9.<\/p>\n","protected":false},"excerpt":{"rendered":"<p>Type QUAD4x\/25-35Serre-c\u00e2ble type QUAD 4Fixation de quatre c\u00e2bles individuels dans un carr\u00e9.<\/p>\n","protected":false},"featured_media":32772,"template":"","meta":[],"product_brand":[],"product_cat":[1262,1288,1065,1294],"product_tag":[],"class_list":{"0":"post-102840","1":"product","2":"type-product","3":"status-publish","4":"has-post-thumbnail","6":"product_cat-e07-fr","7":"product_cat-e0706-fr","8":"product_cat-e-fr","9":"product_cat-e07068-fr","11":"first","12":"instock","13":"taxable","14":"shipping-taxable","15":"purchasable","16":"product-type-simple"},"_links":{"self":[{"href":"https:\/\/hantom.ch\/fr\/wp-json\/wp\/v2\/product\/102840","targetHints":{"allow":["GET"]}}],"collection":[{"href":"https:\/\/hantom.ch\/fr\/wp-json\/wp\/v2\/product"}],"about":[{"href":"https:\/\/hantom.ch\/fr\/wp-json\/wp\/v2\/types\/product"}],"wp:featuredmedia":[{"embeddable":true,"href":"https:\/\/hantom.ch\/fr\/wp-json\/wp\/v2\/media\/32772"}],"wp:attachment":[{"href":"https:\/\/hantom.ch\/fr\/wp-json\/wp\/v2\/media?parent=102840"}],"wp:term":[{"taxonomy":"product_brand","embeddable":true,"href":"https:\/\/hantom.ch\/fr\/wp-json\/wp\/v2\/product_brand?post=102840"},{"taxonomy":"product_cat","embeddable":true,"href":"https:\/\/hantom.ch\/fr\/wp-json\/wp\/v2\/product_cat?post=102840"},{"taxonomy":"product_tag","embeddable":true,"href":"https:\/\/hantom.ch\/fr\/wp-json\/wp\/v2\/product_tag?post=102840"}],"curies":[{"name":"wp","href":"https:\/\/api.w.org\/{rel}","templated":true}]}}