{"id":102841,"date":"2026-05-01T05:02:06","date_gmt":"2026-05-01T03:02:06","guid":{"rendered":"https:\/\/hantom.ch\/product\/e0706901-serre-cable-bloc-4-type-bl-4-x-13-32\/"},"modified":"2026-04-01T10:40:46","modified_gmt":"2026-04-01T08:40:46","slug":"e0706901-serre-cable-bloc-4-type-bl-4-x-13-32","status":"publish","type":"product","link":"https:\/\/hantom.ch\/fr\/produit\/e0706901-serre-cable-bloc-4-type-bl-4-x-13-32\/","title":{"rendered":"E0706901 &#8211; Serre-c\u00e2ble bloc 4 Type BL 4 x 13-32"},"content":{"rendered":"<p>Serre-c\u00e2ble bloc 4 type BL 4 x 13-32<br \/>Plage de diam\u00e8tres 13-32 mm<br \/>M10 sans vis<br \/>1 pi\u00e8ce<\/p>\n","protected":false},"excerpt":{"rendered":"<p>Serre-c\u00e2ble bloc 4 type BL 4 x 13-32Plage de diam\u00e8tres 13-32 mmM10 sans vis1 pi\u00e8ce<\/p>\n","protected":false},"featured_media":33208,"template":"","meta":[],"product_brand":[],"product_cat":[1262,1288,1065,1295],"product_tag":[],"class_list":{"0":"post-102841","1":"product","2":"type-product","3":"status-publish","4":"has-post-thumbnail","6":"product_cat-e07-fr","7":"product_cat-e0706-fr","8":"product_cat-e-fr","9":"product_cat-e07069-fr","11":"first","12":"instock","13":"taxable","14":"shipping-taxable","15":"purchasable","16":"product-type-simple"},"_links":{"self":[{"href":"https:\/\/hantom.ch\/fr\/wp-json\/wp\/v2\/product\/102841","targetHints":{"allow":["GET"]}}],"collection":[{"href":"https:\/\/hantom.ch\/fr\/wp-json\/wp\/v2\/product"}],"about":[{"href":"https:\/\/hantom.ch\/fr\/wp-json\/wp\/v2\/types\/product"}],"wp:featuredmedia":[{"embeddable":true,"href":"https:\/\/hantom.ch\/fr\/wp-json\/wp\/v2\/media\/33208"}],"wp:attachment":[{"href":"https:\/\/hantom.ch\/fr\/wp-json\/wp\/v2\/media?parent=102841"}],"wp:term":[{"taxonomy":"product_brand","embeddable":true,"href":"https:\/\/hantom.ch\/fr\/wp-json\/wp\/v2\/product_brand?post=102841"},{"taxonomy":"product_cat","embeddable":true,"href":"https:\/\/hantom.ch\/fr\/wp-json\/wp\/v2\/product_cat?post=102841"},{"taxonomy":"product_tag","embeddable":true,"href":"https:\/\/hantom.ch\/fr\/wp-json\/wp\/v2\/product_tag?post=102841"}],"curies":[{"name":"wp","href":"https:\/\/api.w.org\/{rel}","templated":true}]}}