{"id":102845,"date":"2026-05-01T05:02:15","date_gmt":"2026-05-01T03:02:15","guid":{"rendered":"https:\/\/hantom.ch\/product\/e0706913-serre-cable-bloc-3-type-bl-3-x-30-49\/"},"modified":"2026-04-01T10:40:48","modified_gmt":"2026-04-01T08:40:48","slug":"e0706913-serre-cable-bloc-3-type-bl-3-x-30-49","status":"publish","type":"product","link":"https:\/\/hantom.ch\/fr\/produit\/e0706913-serre-cable-bloc-3-type-bl-3-x-30-49\/","title":{"rendered":"E0706913 &#8211; Serre-c\u00e2ble bloc 3 Type BL 3 x 30-49"},"content":{"rendered":"<p>Serre-c\u00e2ble bloc 3 type BL 3 x 30-49<br \/>Plage de diam\u00e8tres 30-49 mm<br \/>M12 sans vis<br \/>1 pi\u00e8ce<\/p>\n","protected":false},"excerpt":{"rendered":"<p>Serre-c\u00e2ble bloc 3 type BL 3 x 30-49Plage de diam\u00e8tres 30-49 mmM12 sans vis1 pi\u00e8ce<\/p>\n","protected":false},"featured_media":52281,"template":"","meta":[],"product_brand":[],"product_cat":[1262,1288,1065,1295],"product_tag":[],"class_list":{"0":"post-102845","1":"product","2":"type-product","3":"status-publish","4":"has-post-thumbnail","6":"product_cat-e07-fr","7":"product_cat-e0706-fr","8":"product_cat-e-fr","9":"product_cat-e07069-fr","11":"first","12":"instock","13":"taxable","14":"shipping-taxable","15":"purchasable","16":"product-type-simple"},"_links":{"self":[{"href":"https:\/\/hantom.ch\/fr\/wp-json\/wp\/v2\/product\/102845","targetHints":{"allow":["GET"]}}],"collection":[{"href":"https:\/\/hantom.ch\/fr\/wp-json\/wp\/v2\/product"}],"about":[{"href":"https:\/\/hantom.ch\/fr\/wp-json\/wp\/v2\/types\/product"}],"wp:featuredmedia":[{"embeddable":true,"href":"https:\/\/hantom.ch\/fr\/wp-json\/wp\/v2\/media\/52281"}],"wp:attachment":[{"href":"https:\/\/hantom.ch\/fr\/wp-json\/wp\/v2\/media?parent=102845"}],"wp:term":[{"taxonomy":"product_brand","embeddable":true,"href":"https:\/\/hantom.ch\/fr\/wp-json\/wp\/v2\/product_brand?post=102845"},{"taxonomy":"product_cat","embeddable":true,"href":"https:\/\/hantom.ch\/fr\/wp-json\/wp\/v2\/product_cat?post=102845"},{"taxonomy":"product_tag","embeddable":true,"href":"https:\/\/hantom.ch\/fr\/wp-json\/wp\/v2\/product_tag?post=102845"}],"curies":[{"name":"wp","href":"https:\/\/api.w.org\/{rel}","templated":true}]}}