{"id":102891,"date":"2026-04-15T05:15:56","date_gmt":"2026-04-15T03:15:56","guid":{"rendered":"https:\/\/hantom.ch\/product\/e0707406-bride-damarrage-en-alu-insert-caout-3mono-400-afc-b-baf-be-n-110-4001\/"},"modified":"2025-04-23T09:37:23","modified_gmt":"2025-04-23T07:37:23","slug":"e0707406-bride-damarrage-en-alu-insert-caout-3mono-400-afc-b-baf-be-n-110-4001","status":"publish","type":"product","link":"https:\/\/hantom.ch\/fr\/produit\/e0707406-bride-damarrage-en-alu-insert-caout-3mono-400-afc-b-baf-be-n-110-4001\/","title":{"rendered":"E0707406 &#8211; Bride d&apos;amarrage en alu\/insert caout\/3mono\/400 AFC-B-BAF-BE\/N\/110-400(1)"},"content":{"rendered":"<p>Bride d&apos;amarrage en aluminium avec insert en caoutchouc pr 3 monoconducteurs<br \/>pour type de c\u00e2ble XKDT 3x1x400 (nouveau \u00d8 de c\u00e2ble depuis 2017)<\/p>\n","protected":false},"excerpt":{"rendered":"<p>Bride d&apos;amarrage en aluminium avec insert en caoutchouc pr 3 monoconducteurspour type de c\u00e2ble XKDT 3x1x400 (nouveau \u00d8 de c\u00e2ble depuis 2017)<\/p>\n","protected":false},"featured_media":33160,"template":"","meta":[],"product_brand":[],"product_cat":[1262,1296,1299,1065],"product_tag":[],"class_list":{"0":"post-102891","1":"product","2":"type-product","3":"status-publish","4":"has-post-thumbnail","6":"product_cat-e07-fr","7":"product_cat-e0707-fr","8":"product_cat-e07074-fr","9":"product_cat-e-fr","11":"first","12":"instock","13":"taxable","14":"shipping-taxable","15":"purchasable","16":"product-type-simple"},"_links":{"self":[{"href":"https:\/\/hantom.ch\/fr\/wp-json\/wp\/v2\/product\/102891","targetHints":{"allow":["GET"]}}],"collection":[{"href":"https:\/\/hantom.ch\/fr\/wp-json\/wp\/v2\/product"}],"about":[{"href":"https:\/\/hantom.ch\/fr\/wp-json\/wp\/v2\/types\/product"}],"wp:featuredmedia":[{"embeddable":true,"href":"https:\/\/hantom.ch\/fr\/wp-json\/wp\/v2\/media\/33160"}],"wp:attachment":[{"href":"https:\/\/hantom.ch\/fr\/wp-json\/wp\/v2\/media?parent=102891"}],"wp:term":[{"taxonomy":"product_brand","embeddable":true,"href":"https:\/\/hantom.ch\/fr\/wp-json\/wp\/v2\/product_brand?post=102891"},{"taxonomy":"product_cat","embeddable":true,"href":"https:\/\/hantom.ch\/fr\/wp-json\/wp\/v2\/product_cat?post=102891"},{"taxonomy":"product_tag","embeddable":true,"href":"https:\/\/hantom.ch\/fr\/wp-json\/wp\/v2\/product_tag?post=102891"}],"curies":[{"name":"wp","href":"https:\/\/api.w.org\/{rel}","templated":true}]}}