{"id":102910,"date":"2026-04-15T05:16:29","date_gmt":"2026-04-15T03:16:29","guid":{"rendered":"https:\/\/hantom.ch\/product\/e0707616-plaque-de-butee-pour-bride-damarrage-afc-b-apl-047-200x150-1\/"},"modified":"2025-04-23T09:37:34","modified_gmt":"2025-04-23T07:37:34","slug":"e0707616-plaque-de-butee-pour-bride-damarrage-afc-b-apl-047-200x150-1","status":"publish","type":"product","link":"https:\/\/hantom.ch\/fr\/produit\/e0707616-plaque-de-butee-pour-bride-damarrage-afc-b-apl-047-200x150-1\/","title":{"rendered":"E0707616 &#8211; Plaque de but\u00e9e pour bride d&apos;amarrage AFC-B-APL-047\/200&#215;150 (1)"},"content":{"rendered":"<p>Plaque de but\u00e9e pour bride d&apos;amarrage<br \/>Diam\u00e8tre ext\u00e9rieur du c\u00e2ble jusqu&apos;\u00e0 47 mm<br \/>Long.:200mm Larg.:150mm<br \/>pour BAF040-BAF080<\/p>\n","protected":false},"excerpt":{"rendered":"<p>Plaque de but\u00e9e pour bride d&apos;amarrageDiam\u00e8tre ext\u00e9rieur du c\u00e2ble jusqu&apos;\u00e0 47 mmLong.:200mm Larg.:150mmpour BAF040-BAF080<\/p>\n","protected":false},"featured_media":33844,"template":"","meta":[],"product_brand":[],"product_cat":[1262,1296,1065,1301],"product_tag":[],"class_list":{"0":"post-102910","1":"product","2":"type-product","3":"status-publish","4":"has-post-thumbnail","6":"product_cat-e07-fr","7":"product_cat-e0707-fr","8":"product_cat-e-fr","9":"product_cat-e07076-fr","11":"first","12":"instock","13":"taxable","14":"shipping-taxable","15":"purchasable","16":"product-type-simple"},"_links":{"self":[{"href":"https:\/\/hantom.ch\/fr\/wp-json\/wp\/v2\/product\/102910","targetHints":{"allow":["GET"]}}],"collection":[{"href":"https:\/\/hantom.ch\/fr\/wp-json\/wp\/v2\/product"}],"about":[{"href":"https:\/\/hantom.ch\/fr\/wp-json\/wp\/v2\/types\/product"}],"wp:featuredmedia":[{"embeddable":true,"href":"https:\/\/hantom.ch\/fr\/wp-json\/wp\/v2\/media\/33844"}],"wp:attachment":[{"href":"https:\/\/hantom.ch\/fr\/wp-json\/wp\/v2\/media?parent=102910"}],"wp:term":[{"taxonomy":"product_brand","embeddable":true,"href":"https:\/\/hantom.ch\/fr\/wp-json\/wp\/v2\/product_brand?post=102910"},{"taxonomy":"product_cat","embeddable":true,"href":"https:\/\/hantom.ch\/fr\/wp-json\/wp\/v2\/product_cat?post=102910"},{"taxonomy":"product_tag","embeddable":true,"href":"https:\/\/hantom.ch\/fr\/wp-json\/wp\/v2\/product_tag?post=102910"}],"curies":[{"name":"wp","href":"https:\/\/api.w.org\/{rel}","templated":true}]}}