{"id":102911,"date":"2026-04-15T05:16:31","date_gmt":"2026-04-15T03:16:31","guid":{"rendered":"https:\/\/hantom.ch\/product\/e0707617-plaque-de-butee-pour-bride-damarrage-afc-b-apl-100-250x200-1\/"},"modified":"2025-04-23T09:37:37","modified_gmt":"2025-04-23T07:37:37","slug":"e0707617-plaque-de-butee-pour-bride-damarrage-afc-b-apl-100-250x200-1","status":"publish","type":"product","link":"https:\/\/hantom.ch\/fr\/produit\/e0707617-plaque-de-butee-pour-bride-damarrage-afc-b-apl-100-250x200-1\/","title":{"rendered":"E0707617 &#8211; Plaque de but\u00e9e pour bride d&apos;amarrage AFC-B-APL-100\/250&#215;200 (1)"},"content":{"rendered":"<p>Plaque de but\u00e9e pour bride d&apos;amarrage<br \/>Diam\u00e8tre ext\u00e9rieur du c\u00e2ble jusqu&apos;\u00e0 100 mm<br \/>Long.:250mm Larg.:200mm<br \/>pour BAF110-BAF130<\/p>\n","protected":false},"excerpt":{"rendered":"<p>Plaque de but\u00e9e pour bride d&apos;amarrageDiam\u00e8tre ext\u00e9rieur du c\u00e2ble jusqu&apos;\u00e0 100 mmLong.:250mm Larg.:200mmpour BAF110-BAF130<\/p>\n","protected":false},"featured_media":59344,"template":"","meta":[],"product_brand":[],"product_cat":[1262,1296,1065,1301],"product_tag":[],"class_list":{"0":"post-102911","1":"product","2":"type-product","3":"status-publish","4":"has-post-thumbnail","6":"product_cat-e07-fr","7":"product_cat-e0707-fr","8":"product_cat-e-fr","9":"product_cat-e07076-fr","11":"first","12":"instock","13":"taxable","14":"shipping-taxable","15":"purchasable","16":"product-type-simple"},"_links":{"self":[{"href":"https:\/\/hantom.ch\/fr\/wp-json\/wp\/v2\/product\/102911","targetHints":{"allow":["GET"]}}],"collection":[{"href":"https:\/\/hantom.ch\/fr\/wp-json\/wp\/v2\/product"}],"about":[{"href":"https:\/\/hantom.ch\/fr\/wp-json\/wp\/v2\/types\/product"}],"wp:featuredmedia":[{"embeddable":true,"href":"https:\/\/hantom.ch\/fr\/wp-json\/wp\/v2\/media\/59344"}],"wp:attachment":[{"href":"https:\/\/hantom.ch\/fr\/wp-json\/wp\/v2\/media?parent=102911"}],"wp:term":[{"taxonomy":"product_brand","embeddable":true,"href":"https:\/\/hantom.ch\/fr\/wp-json\/wp\/v2\/product_brand?post=102911"},{"taxonomy":"product_cat","embeddable":true,"href":"https:\/\/hantom.ch\/fr\/wp-json\/wp\/v2\/product_cat?post=102911"},{"taxonomy":"product_tag","embeddable":true,"href":"https:\/\/hantom.ch\/fr\/wp-json\/wp\/v2\/product_tag?post=102911"}],"curies":[{"name":"wp","href":"https:\/\/api.w.org\/{rel}","templated":true}]}}