{"id":102916,"date":"2026-04-15T05:16:40","date_gmt":"2026-04-15T03:16:40","guid":{"rendered":"https:\/\/hantom.ch\/product\/e0707705-bride-damarrage-en-alu-arme-afc-b-baf-080-71-741\/"},"modified":"2025-04-23T09:37:39","modified_gmt":"2025-04-23T07:37:39","slug":"e0707705-bride-damarrage-en-alu-arme-afc-b-baf-080-71-741","status":"publish","type":"product","link":"https:\/\/hantom.ch\/fr\/produit\/e0707705-bride-damarrage-en-alu-arme-afc-b-baf-080-71-741\/","title":{"rendered":"E0707705 &#8211; Bride d&apos;amarrage en alu\/arm\u00e9 AFC-B-BAF\/080\/71-74(1)"},"content":{"rendered":"<p>Bride d&apos;amarrage en aluminium pour c\u00e2ble arm\u00e9<br \/>diam\u00e8tre 71-74 mm<\/p>\n","protected":false},"excerpt":{"rendered":"<p>Bride d&apos;amarrage en aluminium pour c\u00e2ble arm\u00e9diam\u00e8tre 71-74 mm<\/p>\n","protected":false},"featured_media":32804,"template":"","meta":[],"product_brand":[],"product_cat":[1262,1296,1302,1065],"product_tag":[],"class_list":{"0":"post-102916","1":"product","2":"type-product","3":"status-publish","4":"has-post-thumbnail","6":"product_cat-e07-fr","7":"product_cat-e0707-fr","8":"product_cat-e07077-fr","9":"product_cat-e-fr","11":"first","12":"instock","13":"taxable","14":"shipping-taxable","15":"purchasable","16":"product-type-simple"},"_links":{"self":[{"href":"https:\/\/hantom.ch\/fr\/wp-json\/wp\/v2\/product\/102916","targetHints":{"allow":["GET"]}}],"collection":[{"href":"https:\/\/hantom.ch\/fr\/wp-json\/wp\/v2\/product"}],"about":[{"href":"https:\/\/hantom.ch\/fr\/wp-json\/wp\/v2\/types\/product"}],"wp:featuredmedia":[{"embeddable":true,"href":"https:\/\/hantom.ch\/fr\/wp-json\/wp\/v2\/media\/32804"}],"wp:attachment":[{"href":"https:\/\/hantom.ch\/fr\/wp-json\/wp\/v2\/media?parent=102916"}],"wp:term":[{"taxonomy":"product_brand","embeddable":true,"href":"https:\/\/hantom.ch\/fr\/wp-json\/wp\/v2\/product_brand?post=102916"},{"taxonomy":"product_cat","embeddable":true,"href":"https:\/\/hantom.ch\/fr\/wp-json\/wp\/v2\/product_cat?post=102916"},{"taxonomy":"product_tag","embeddable":true,"href":"https:\/\/hantom.ch\/fr\/wp-json\/wp\/v2\/product_tag?post=102916"}],"curies":[{"name":"wp","href":"https:\/\/api.w.org\/{rel}","templated":true}]}}