{"id":102920,"date":"2026-04-15T05:16:48","date_gmt":"2026-04-15T03:16:48","guid":{"rendered":"https:\/\/hantom.ch\/product\/e0707709-bride-damarrage-en-alu-arme-afc-b-baf-110-083-0861\/"},"modified":"2025-04-23T09:37:40","modified_gmt":"2025-04-23T07:37:40","slug":"e0707709-bride-damarrage-en-alu-arme-afc-b-baf-110-083-0861","status":"publish","type":"product","link":"https:\/\/hantom.ch\/fr\/produit\/e0707709-bride-damarrage-en-alu-arme-afc-b-baf-110-083-0861\/","title":{"rendered":"E0707709 &#8211; Bride d&apos;amarrage en alu\/arm\u00e9 AFC-B-BAF\/110\/083-086(1)"},"content":{"rendered":"<p>Bride d&apos;amarrage en aluminium pour c\u00e2ble arm\u00e9<br \/>diam\u00e8tre 83-86 mm<\/p>\n","protected":false},"excerpt":{"rendered":"<p>Bride d&apos;amarrage en aluminium pour c\u00e2ble arm\u00e9diam\u00e8tre 83-86 mm<\/p>\n","protected":false},"featured_media":32578,"template":"","meta":[],"product_brand":[],"product_cat":[1262,1296,1302,1065],"product_tag":[],"class_list":{"0":"post-102920","1":"product","2":"type-product","3":"status-publish","4":"has-post-thumbnail","6":"product_cat-e07-fr","7":"product_cat-e0707-fr","8":"product_cat-e07077-fr","9":"product_cat-e-fr","11":"first","12":"instock","13":"taxable","14":"shipping-taxable","15":"purchasable","16":"product-type-simple"},"_links":{"self":[{"href":"https:\/\/hantom.ch\/fr\/wp-json\/wp\/v2\/product\/102920","targetHints":{"allow":["GET"]}}],"collection":[{"href":"https:\/\/hantom.ch\/fr\/wp-json\/wp\/v2\/product"}],"about":[{"href":"https:\/\/hantom.ch\/fr\/wp-json\/wp\/v2\/types\/product"}],"wp:featuredmedia":[{"embeddable":true,"href":"https:\/\/hantom.ch\/fr\/wp-json\/wp\/v2\/media\/32578"}],"wp:attachment":[{"href":"https:\/\/hantom.ch\/fr\/wp-json\/wp\/v2\/media?parent=102920"}],"wp:term":[{"taxonomy":"product_brand","embeddable":true,"href":"https:\/\/hantom.ch\/fr\/wp-json\/wp\/v2\/product_brand?post=102920"},{"taxonomy":"product_cat","embeddable":true,"href":"https:\/\/hantom.ch\/fr\/wp-json\/wp\/v2\/product_cat?post=102920"},{"taxonomy":"product_tag","embeddable":true,"href":"https:\/\/hantom.ch\/fr\/wp-json\/wp\/v2\/product_tag?post=102920"}],"curies":[{"name":"wp","href":"https:\/\/api.w.org\/{rel}","templated":true}]}}