{"id":102936,"date":"2026-04-17T05:15:30","date_gmt":"2026-04-17T03:15:30","guid":{"rendered":"https:\/\/hantom.ch\/product\/e0708032-visse-a-tete-hexagonale-complete-m12-x60mm-inox-a2\/"},"modified":"2025-04-23T09:37:51","modified_gmt":"2025-04-23T07:37:51","slug":"e0708032-visse-a-tete-hexagonale-complete-m12-x60mm-inox-a2","status":"publish","type":"product","link":"https:\/\/hantom.ch\/fr\/produit\/e0708032-visse-a-tete-hexagonale-complete-m12-x60mm-inox-a2\/","title":{"rendered":"E0708032 &#8211; Visse \u00e0 t\u00eate hexagonale compl\u00e8te M12 x60mm  Inox A2"},"content":{"rendered":"<p>Paquet \u00e0 :<br \/>1x visse M12x60mm<br \/>1x \u00e9crou M12<br \/>1x rondelle M12<br \/>1x rondelle ressort M12<\/p>\n","protected":false},"excerpt":{"rendered":"<p>Paquet \u00e0 :1x visse M12x60mm1x \u00e9crou M121x rondelle M121x rondelle ressort M12<\/p>\n","protected":false},"featured_media":32964,"template":"","meta":[],"product_brand":[],"product_cat":[1262,1065,1303,1304],"product_tag":[],"class_list":{"0":"post-102936","1":"product","2":"type-product","3":"status-publish","4":"has-post-thumbnail","6":"product_cat-e07-fr","7":"product_cat-e-fr","8":"product_cat-e0708-fr","9":"product_cat-e07080-fr","11":"first","12":"instock","13":"taxable","14":"shipping-taxable","15":"purchasable","16":"product-type-simple"},"_links":{"self":[{"href":"https:\/\/hantom.ch\/fr\/wp-json\/wp\/v2\/product\/102936","targetHints":{"allow":["GET"]}}],"collection":[{"href":"https:\/\/hantom.ch\/fr\/wp-json\/wp\/v2\/product"}],"about":[{"href":"https:\/\/hantom.ch\/fr\/wp-json\/wp\/v2\/types\/product"}],"wp:featuredmedia":[{"embeddable":true,"href":"https:\/\/hantom.ch\/fr\/wp-json\/wp\/v2\/media\/32964"}],"wp:attachment":[{"href":"https:\/\/hantom.ch\/fr\/wp-json\/wp\/v2\/media?parent=102936"}],"wp:term":[{"taxonomy":"product_brand","embeddable":true,"href":"https:\/\/hantom.ch\/fr\/wp-json\/wp\/v2\/product_brand?post=102936"},{"taxonomy":"product_cat","embeddable":true,"href":"https:\/\/hantom.ch\/fr\/wp-json\/wp\/v2\/product_cat?post=102936"},{"taxonomy":"product_tag","embeddable":true,"href":"https:\/\/hantom.ch\/fr\/wp-json\/wp\/v2\/product_tag?post=102936"}],"curies":[{"name":"wp","href":"https:\/\/api.w.org\/{rel}","templated":true}]}}