{"id":102946,"date":"2026-04-17T05:15:47","date_gmt":"2026-04-17T03:15:47","guid":{"rendered":"https:\/\/hantom.ch\/product\/e0708204-insert-en-caoutchouc-pour-3-cables-monopolaires-afc-a-be3-60-240-300-39-46-0951\/"},"modified":"2025-04-23T09:37:57","modified_gmt":"2025-04-23T07:37:57","slug":"e0708204-insert-en-caoutchouc-pour-3-cables-monopolaires-afc-a-be3-60-240-300-39-46-0951","status":"publish","type":"product","link":"https:\/\/hantom.ch\/fr\/produit\/e0708204-insert-en-caoutchouc-pour-3-cables-monopolaires-afc-a-be3-60-240-300-39-46-0951\/","title":{"rendered":"E0708204 &#8211; Insert en caoutchouc pour 3 c\u00e2bles monopolaires AFC-A-BE3-60\/240-300\/39-46\/095(1)"},"content":{"rendered":"<p>Insert de bride en caoutchouc pour c\u00e2ble 20 kV<br \/>C\u00e2ble monopolaire<br \/>XKDT 1x3x240 &#8230;300 mm2<br \/>avec un diam\u00e8tre de 39-46 mm.<br \/>Diam\u00e8tre total de 95 mm<\/p>\n","protected":false},"excerpt":{"rendered":"<p>Insert de bride en caoutchouc pour c\u00e2ble 20 kVC\u00e2ble monopolaireXKDT 1x3x240 &#8230;300 mm2avec un diam\u00e8tre de 39-46 mm.Diam\u00e8tre total de 95 mm<\/p>\n","protected":false},"featured_media":33196,"template":"","meta":[],"product_brand":[],"product_cat":[1262,1065,1306,1303],"product_tag":[],"class_list":{"0":"post-102946","1":"product","2":"type-product","3":"status-publish","4":"has-post-thumbnail","6":"product_cat-e07-fr","7":"product_cat-e-fr","8":"product_cat-e07082-fr","9":"product_cat-e0708-fr","11":"first","12":"instock","13":"taxable","14":"shipping-taxable","15":"purchasable","16":"product-type-simple"},"_links":{"self":[{"href":"https:\/\/hantom.ch\/fr\/wp-json\/wp\/v2\/product\/102946","targetHints":{"allow":["GET"]}}],"collection":[{"href":"https:\/\/hantom.ch\/fr\/wp-json\/wp\/v2\/product"}],"about":[{"href":"https:\/\/hantom.ch\/fr\/wp-json\/wp\/v2\/types\/product"}],"wp:featuredmedia":[{"embeddable":true,"href":"https:\/\/hantom.ch\/fr\/wp-json\/wp\/v2\/media\/33196"}],"wp:attachment":[{"href":"https:\/\/hantom.ch\/fr\/wp-json\/wp\/v2\/media?parent=102946"}],"wp:term":[{"taxonomy":"product_brand","embeddable":true,"href":"https:\/\/hantom.ch\/fr\/wp-json\/wp\/v2\/product_brand?post=102946"},{"taxonomy":"product_cat","embeddable":true,"href":"https:\/\/hantom.ch\/fr\/wp-json\/wp\/v2\/product_cat?post=102946"},{"taxonomy":"product_tag","embeddable":true,"href":"https:\/\/hantom.ch\/fr\/wp-json\/wp\/v2\/product_tag?post=102946"}],"curies":[{"name":"wp","href":"https:\/\/api.w.org\/{rel}","templated":true}]}}