{"id":102947,"date":"2026-04-17T05:15:48","date_gmt":"2026-04-17T03:15:48","guid":{"rendered":"https:\/\/hantom.ch\/product\/e0708211-insert-en-caoutchouc-pour-3-cables-monopolaires-et-1-tripolaire-afc-a-bey3-26-331\/"},"modified":"2025-04-23T09:37:58","modified_gmt":"2025-04-23T07:37:58","slug":"e0708211-insert-en-caoutchouc-pour-3-cables-monopolaires-et-1-tripolaire-afc-a-bey3-26-331","status":"publish","type":"product","link":"https:\/\/hantom.ch\/fr\/produit\/e0708211-insert-en-caoutchouc-pour-3-cables-monopolaires-et-1-tripolaire-afc-a-bey3-26-331\/","title":{"rendered":"E0708211 &#8211; Insert en caoutchouc pour 3 c\u00e2bles monopolaires et 1 tripolaire AFC-A-BEY3\/26&#8211;33(1)"},"content":{"rendered":"<p>Insert de bride en caoutchouc pour c\u00e2ble 20 kV<br \/>C\u00e2ble monopolaire<br \/>XKDT et XKDT-YT<br \/>avec un diam\u00e8tre de 26-33 mm.<\/p>\n","protected":false},"excerpt":{"rendered":"<p>Insert de bride en caoutchouc pour c\u00e2ble 20 kVC\u00e2ble monopolaireXKDT et XKDT-YTavec un diam\u00e8tre de 26-33 mm.<\/p>\n","protected":false},"featured_media":75023,"template":"","meta":[],"product_brand":[],"product_cat":[1262,1065,1306,1303],"product_tag":[],"class_list":{"0":"post-102947","1":"product","2":"type-product","3":"status-publish","4":"has-post-thumbnail","6":"product_cat-e07-fr","7":"product_cat-e-fr","8":"product_cat-e07082-fr","9":"product_cat-e0708-fr","11":"first","12":"instock","13":"taxable","14":"shipping-taxable","15":"purchasable","16":"product-type-simple"},"_links":{"self":[{"href":"https:\/\/hantom.ch\/fr\/wp-json\/wp\/v2\/product\/102947","targetHints":{"allow":["GET"]}}],"collection":[{"href":"https:\/\/hantom.ch\/fr\/wp-json\/wp\/v2\/product"}],"about":[{"href":"https:\/\/hantom.ch\/fr\/wp-json\/wp\/v2\/types\/product"}],"wp:featuredmedia":[{"embeddable":true,"href":"https:\/\/hantom.ch\/fr\/wp-json\/wp\/v2\/media\/75023"}],"wp:attachment":[{"href":"https:\/\/hantom.ch\/fr\/wp-json\/wp\/v2\/media?parent=102947"}],"wp:term":[{"taxonomy":"product_brand","embeddable":true,"href":"https:\/\/hantom.ch\/fr\/wp-json\/wp\/v2\/product_brand?post=102947"},{"taxonomy":"product_cat","embeddable":true,"href":"https:\/\/hantom.ch\/fr\/wp-json\/wp\/v2\/product_cat?post=102947"},{"taxonomy":"product_tag","embeddable":true,"href":"https:\/\/hantom.ch\/fr\/wp-json\/wp\/v2\/product_tag?post=102947"}],"curies":[{"name":"wp","href":"https:\/\/api.w.org\/{rel}","templated":true}]}}