{"id":102972,"date":"2026-04-20T05:16:37","date_gmt":"2026-04-20T03:16:37","guid":{"rendered":"https:\/\/hantom.ch\/product\/e0709201-asko-makita-cle-a-chocs-lxt-18v-dtw300-avec-accus-chargeur-et-accessoires\/"},"modified":"2025-04-23T09:38:15","modified_gmt":"2025-04-23T07:38:15","slug":"e0709201-asko-makita-cle-a-chocs-lxt-18v-dtw300-avec-accus-chargeur-et-accessoires","status":"publish","type":"product","link":"https:\/\/hantom.ch\/fr\/produit\/e0709201-asko-makita-cle-a-chocs-lxt-18v-dtw300-avec-accus-chargeur-et-accessoires\/","title":{"rendered":"E0709201 &#8211; ASKO &#8211; Makita &#8211; Cl\u00e9 \u00e0 chocs LXT 18V DTW300 avec accus, chargeur et accessoires"},"content":{"rendered":"<p>Cl\u00e9 \u00e0 chocs 18V puissante et homologu\u00e9e 1\/2 pouce pour contacts viss\u00e9s dans <br \/>le domaine de l&apos;infrastructure r\u00e9seau<br \/>Contient : 1 x visseuse \u00e0 choc DTW300, 2x accus Li-Ion 4Ah, 1x chargeur rapide <br \/>chargeur, coffret avec insert, <br \/>Douille 1\/2 pouce : 10mm, 13mm, 17mm, 19mm, 22mm<br \/>Six pans ext\u00e9rieurs 1\/2 pouce : 5mm, 6mm, 8mm (long)<\/p>\n","protected":false},"excerpt":{"rendered":"<p>Cl\u00e9 \u00e0 chocs 18V puissante et homologu\u00e9e 1\/2 pouce pour contacts viss\u00e9s dans le domaine de l&apos;infrastructure r\u00e9seauContient : 1 x visseuse \u00e0 choc DTW300, 2x accus Li-Ion 4Ah, 1x chargeur rapide chargeur, coffret avec insert, Douille 1\/2 pouce : 10mm, 13mm, 17mm, 19mm, 22mmSix pans ext\u00e9rieurs 1\/2 pouce : 5mm, 6mm, 8mm (long)<\/p>\n","protected":false},"featured_media":33730,"template":"","meta":[],"product_brand":[],"product_cat":[1262,1317,1065,1314],"product_tag":[],"class_list":{"0":"post-102972","1":"product","2":"type-product","3":"status-publish","4":"has-post-thumbnail","6":"product_cat-e07-fr","7":"product_cat-e07092-fr","8":"product_cat-e-fr","9":"product_cat-e0709-fr","11":"first","12":"instock","13":"taxable","14":"shipping-taxable","15":"purchasable","16":"product-type-simple"},"_links":{"self":[{"href":"https:\/\/hantom.ch\/fr\/wp-json\/wp\/v2\/product\/102972","targetHints":{"allow":["GET"]}}],"collection":[{"href":"https:\/\/hantom.ch\/fr\/wp-json\/wp\/v2\/product"}],"about":[{"href":"https:\/\/hantom.ch\/fr\/wp-json\/wp\/v2\/types\/product"}],"wp:featuredmedia":[{"embeddable":true,"href":"https:\/\/hantom.ch\/fr\/wp-json\/wp\/v2\/media\/33730"}],"wp:attachment":[{"href":"https:\/\/hantom.ch\/fr\/wp-json\/wp\/v2\/media?parent=102972"}],"wp:term":[{"taxonomy":"product_brand","embeddable":true,"href":"https:\/\/hantom.ch\/fr\/wp-json\/wp\/v2\/product_brand?post=102972"},{"taxonomy":"product_cat","embeddable":true,"href":"https:\/\/hantom.ch\/fr\/wp-json\/wp\/v2\/product_cat?post=102972"},{"taxonomy":"product_tag","embeddable":true,"href":"https:\/\/hantom.ch\/fr\/wp-json\/wp\/v2\/product_tag?post=102972"}],"curies":[{"name":"wp","href":"https:\/\/api.w.org\/{rel}","templated":true}]}}