{"id":102978,"date":"2026-04-16T05:32:02","date_gmt":"2026-04-16T03:32:02","guid":{"rendered":"https:\/\/hantom.ch\/product\/e0709207-douille-a-choc-six-pans-externes-sw13\/"},"modified":"2025-04-23T09:38:17","modified_gmt":"2025-04-23T07:38:17","slug":"e0709207-douille-a-choc-six-pans-externes-sw13","status":"publish","type":"product","link":"https:\/\/hantom.ch\/fr\/produit\/e0709207-douille-a-choc-six-pans-externes-sw13\/","title":{"rendered":"E0709207 &#8211; Douille \u00e0 choc six pans externes SW13"},"content":{"rendered":"<p>Douille \u00e0 six pans externes, convient pour les visseuses \u00e0 choc<br \/>SW 13  1\/2&quot;<\/p>\n","protected":false},"excerpt":{"rendered":"<p>Douille \u00e0 six pans externes, convient pour les visseuses \u00e0 chocSW 13 1\/2&quot;<\/p>\n","protected":false},"featured_media":33736,"template":"","meta":[],"product_brand":[],"product_cat":[1262,1317,1065,1314],"product_tag":[],"class_list":{"0":"post-102978","1":"product","2":"type-product","3":"status-publish","4":"has-post-thumbnail","6":"product_cat-e07-fr","7":"product_cat-e07092-fr","8":"product_cat-e-fr","9":"product_cat-e0709-fr","11":"first","12":"instock","13":"taxable","14":"shipping-taxable","15":"purchasable","16":"product-type-simple"},"_links":{"self":[{"href":"https:\/\/hantom.ch\/fr\/wp-json\/wp\/v2\/product\/102978","targetHints":{"allow":["GET"]}}],"collection":[{"href":"https:\/\/hantom.ch\/fr\/wp-json\/wp\/v2\/product"}],"about":[{"href":"https:\/\/hantom.ch\/fr\/wp-json\/wp\/v2\/types\/product"}],"wp:featuredmedia":[{"embeddable":true,"href":"https:\/\/hantom.ch\/fr\/wp-json\/wp\/v2\/media\/33736"}],"wp:attachment":[{"href":"https:\/\/hantom.ch\/fr\/wp-json\/wp\/v2\/media?parent=102978"}],"wp:term":[{"taxonomy":"product_brand","embeddable":true,"href":"https:\/\/hantom.ch\/fr\/wp-json\/wp\/v2\/product_brand?post=102978"},{"taxonomy":"product_cat","embeddable":true,"href":"https:\/\/hantom.ch\/fr\/wp-json\/wp\/v2\/product_cat?post=102978"},{"taxonomy":"product_tag","embeddable":true,"href":"https:\/\/hantom.ch\/fr\/wp-json\/wp\/v2\/product_tag?post=102978"}],"curies":[{"name":"wp","href":"https:\/\/api.w.org\/{rel}","templated":true}]}}