{"id":102982,"date":"2026-04-20T05:16:55","date_gmt":"2026-04-20T03:16:55","guid":{"rendered":"https:\/\/hantom.ch\/product\/e0709211-douille-a-choc-six-pans-externes-sw-24\/"},"modified":"2025-04-23T09:38:21","modified_gmt":"2025-04-23T07:38:21","slug":"e0709211-douille-a-choc-six-pans-externes-sw-24","status":"publish","type":"product","link":"https:\/\/hantom.ch\/fr\/produit\/e0709211-douille-a-choc-six-pans-externes-sw-24\/","title":{"rendered":"E0709211 &#8211; Douille \u00e0 choc six pans externes SW 24"},"content":{"rendered":"<p>Douille \u00e0 six pans externes, convient pour les visseuses \u00e0 choc<br \/>SW 24  1\/2&quot;<\/p>\n","protected":false},"excerpt":{"rendered":"<p>Douille \u00e0 six pans externes, convient pour les visseuses \u00e0 chocSW 24 1\/2&quot;<\/p>\n","protected":false},"featured_media":33740,"template":"","meta":[],"product_brand":[],"product_cat":[1262,1317,1065,1314],"product_tag":[],"class_list":{"0":"post-102982","1":"product","2":"type-product","3":"status-publish","4":"has-post-thumbnail","6":"product_cat-e07-fr","7":"product_cat-e07092-fr","8":"product_cat-e-fr","9":"product_cat-e0709-fr","11":"first","12":"instock","13":"taxable","14":"shipping-taxable","15":"purchasable","16":"product-type-simple"},"_links":{"self":[{"href":"https:\/\/hantom.ch\/fr\/wp-json\/wp\/v2\/product\/102982","targetHints":{"allow":["GET"]}}],"collection":[{"href":"https:\/\/hantom.ch\/fr\/wp-json\/wp\/v2\/product"}],"about":[{"href":"https:\/\/hantom.ch\/fr\/wp-json\/wp\/v2\/types\/product"}],"wp:featuredmedia":[{"embeddable":true,"href":"https:\/\/hantom.ch\/fr\/wp-json\/wp\/v2\/media\/33740"}],"wp:attachment":[{"href":"https:\/\/hantom.ch\/fr\/wp-json\/wp\/v2\/media?parent=102982"}],"wp:term":[{"taxonomy":"product_brand","embeddable":true,"href":"https:\/\/hantom.ch\/fr\/wp-json\/wp\/v2\/product_brand?post=102982"},{"taxonomy":"product_cat","embeddable":true,"href":"https:\/\/hantom.ch\/fr\/wp-json\/wp\/v2\/product_cat?post=102982"},{"taxonomy":"product_tag","embeddable":true,"href":"https:\/\/hantom.ch\/fr\/wp-json\/wp\/v2\/product_tag?post=102982"}],"curies":[{"name":"wp","href":"https:\/\/api.w.org\/{rel}","templated":true}]}}