{"id":102984,"date":"2026-04-16T05:32:13","date_gmt":"2026-04-16T03:32:13","guid":{"rendered":"https:\/\/hantom.ch\/product\/e0709301-outils-montage-cable-kit-pour-preparation-montage-cable-st-500\/"},"modified":"2025-04-23T09:38:21","modified_gmt":"2025-04-23T07:38:21","slug":"e0709301-outils-montage-cable-kit-pour-preparation-montage-cable-st-500","status":"publish","type":"product","link":"https:\/\/hantom.ch\/fr\/produit\/e0709301-outils-montage-cable-kit-pour-preparation-montage-cable-st-500\/","title":{"rendered":"E0709301 &#8211; Outils montage c\u00e2ble Kit pour  pr\u00e9paration montage c\u00e2ble ST-500"},"content":{"rendered":"","protected":false},"excerpt":{"rendered":"","protected":false},"featured_media":55557,"template":"","meta":[],"product_brand":[],"product_cat":[1262,1065,1318,1314],"product_tag":[],"class_list":{"0":"post-102984","1":"product","2":"type-product","3":"status-publish","4":"has-post-thumbnail","6":"product_cat-e07-fr","7":"product_cat-e-fr","8":"product_cat-e07093-fr","9":"product_cat-e0709-fr","11":"first","12":"instock","13":"taxable","14":"shipping-taxable","15":"purchasable","16":"product-type-simple"},"_links":{"self":[{"href":"https:\/\/hantom.ch\/fr\/wp-json\/wp\/v2\/product\/102984","targetHints":{"allow":["GET"]}}],"collection":[{"href":"https:\/\/hantom.ch\/fr\/wp-json\/wp\/v2\/product"}],"about":[{"href":"https:\/\/hantom.ch\/fr\/wp-json\/wp\/v2\/types\/product"}],"wp:featuredmedia":[{"embeddable":true,"href":"https:\/\/hantom.ch\/fr\/wp-json\/wp\/v2\/media\/55557"}],"wp:attachment":[{"href":"https:\/\/hantom.ch\/fr\/wp-json\/wp\/v2\/media?parent=102984"}],"wp:term":[{"taxonomy":"product_brand","embeddable":true,"href":"https:\/\/hantom.ch\/fr\/wp-json\/wp\/v2\/product_brand?post=102984"},{"taxonomy":"product_cat","embeddable":true,"href":"https:\/\/hantom.ch\/fr\/wp-json\/wp\/v2\/product_cat?post=102984"},{"taxonomy":"product_tag","embeddable":true,"href":"https:\/\/hantom.ch\/fr\/wp-json\/wp\/v2\/product_tag?post=102984"}],"curies":[{"name":"wp","href":"https:\/\/api.w.org\/{rel}","templated":true}]}}