{"id":102986,"date":"2026-04-20T05:17:01","date_gmt":"2026-04-20T03:17:01","guid":{"rendered":"https:\/\/hantom.ch\/product\/e0709314-outils-montage-cable-st250-outils-de-denudage-semi-conducteur\/"},"modified":"2025-04-23T09:38:22","modified_gmt":"2025-04-23T07:38:22","slug":"e0709314-outils-montage-cable-st250-outils-de-denudage-semi-conducteur","status":"publish","type":"product","link":"https:\/\/hantom.ch\/fr\/produit\/e0709314-outils-montage-cable-st250-outils-de-denudage-semi-conducteur\/","title":{"rendered":"E0709314 &#8211; Outils montage c\u00e2ble ST250 Outils de d\u00e9nudage semi-conducteur"},"content":{"rendered":"<p>Pour diam\u00e8tre de c\u00e2ble sur isolation 10-52mm<br \/>1 x coffret<br \/>1 x outil de d\u00e9nudage<br \/>1 x p\u00e2te de silicone<\/p>\n","protected":false},"excerpt":{"rendered":"<p>Pour diam\u00e8tre de c\u00e2ble sur isolation 10-52mm1 x coffret1 x outil de d\u00e9nudage1 x p\u00e2te de silicone<\/p>\n","protected":false},"featured_media":75036,"template":"","meta":[],"product_brand":[],"product_cat":[1262,1065,1318,1314],"product_tag":[],"class_list":{"0":"post-102986","1":"product","2":"type-product","3":"status-publish","4":"has-post-thumbnail","6":"product_cat-e07-fr","7":"product_cat-e-fr","8":"product_cat-e07093-fr","9":"product_cat-e0709-fr","11":"first","12":"instock","13":"taxable","14":"shipping-taxable","15":"purchasable","16":"product-type-simple"},"_links":{"self":[{"href":"https:\/\/hantom.ch\/fr\/wp-json\/wp\/v2\/product\/102986","targetHints":{"allow":["GET"]}}],"collection":[{"href":"https:\/\/hantom.ch\/fr\/wp-json\/wp\/v2\/product"}],"about":[{"href":"https:\/\/hantom.ch\/fr\/wp-json\/wp\/v2\/types\/product"}],"wp:featuredmedia":[{"embeddable":true,"href":"https:\/\/hantom.ch\/fr\/wp-json\/wp\/v2\/media\/75036"}],"wp:attachment":[{"href":"https:\/\/hantom.ch\/fr\/wp-json\/wp\/v2\/media?parent=102986"}],"wp:term":[{"taxonomy":"product_brand","embeddable":true,"href":"https:\/\/hantom.ch\/fr\/wp-json\/wp\/v2\/product_brand?post=102986"},{"taxonomy":"product_cat","embeddable":true,"href":"https:\/\/hantom.ch\/fr\/wp-json\/wp\/v2\/product_cat?post=102986"},{"taxonomy":"product_tag","embeddable":true,"href":"https:\/\/hantom.ch\/fr\/wp-json\/wp\/v2\/product_tag?post=102986"}],"curies":[{"name":"wp","href":"https:\/\/api.w.org\/{rel}","templated":true}]}}