{"id":102989,"date":"2026-04-16T05:32:22","date_gmt":"2026-04-16T03:32:22","guid":{"rendered":"https:\/\/hantom.ch\/product\/e0709352-outils-montage-cable-ct6-1618-cle-a-cliquet-avec-deux-ouvertures-de-cle-16-18-mm\/"},"modified":"2025-04-23T09:38:23","modified_gmt":"2025-04-23T07:38:23","slug":"e0709352-outils-montage-cable-ct6-1618-cle-a-cliquet-avec-deux-ouvertures-de-cle-16-18-mm","status":"publish","type":"product","link":"https:\/\/hantom.ch\/fr\/produit\/e0709352-outils-montage-cable-ct6-1618-cle-a-cliquet-avec-deux-ouvertures-de-cle-16-18-mm\/","title":{"rendered":"E0709352 &#8211; Outils montage c\u00e2ble CT6.1618, cl\u00e9 \u00e0 cliquet avec deux ouvertures de cl\u00e9 16\/18 mm"},"content":{"rendered":"<p>Extr\u00eamement stable, cliquet r\u00e9versible, avec deux ouvertures de cl\u00e9 d&apos;un c\u00f4t\u00e9, <br \/>avec rev\u00eatement caoutchout\u00e9.<br \/>Poign\u00e9e de protection pour une prise optimale lors du serrage.<\/p>\n","protected":false},"excerpt":{"rendered":"<p>Extr\u00eamement stable, cliquet r\u00e9versible, avec deux ouvertures de cl\u00e9 d&apos;un c\u00f4t\u00e9, avec rev\u00eatement caoutchout\u00e9.Poign\u00e9e de protection pour une prise optimale lors du serrage.<\/p>\n","protected":false},"featured_media":64552,"template":"","meta":[],"product_brand":[],"product_cat":[1262,1065,1318,1314],"product_tag":[],"class_list":{"0":"post-102989","1":"product","2":"type-product","3":"status-publish","4":"has-post-thumbnail","6":"product_cat-e07-fr","7":"product_cat-e-fr","8":"product_cat-e07093-fr","9":"product_cat-e0709-fr","11":"first","12":"instock","13":"taxable","14":"shipping-taxable","15":"purchasable","16":"product-type-simple"},"_links":{"self":[{"href":"https:\/\/hantom.ch\/fr\/wp-json\/wp\/v2\/product\/102989","targetHints":{"allow":["GET"]}}],"collection":[{"href":"https:\/\/hantom.ch\/fr\/wp-json\/wp\/v2\/product"}],"about":[{"href":"https:\/\/hantom.ch\/fr\/wp-json\/wp\/v2\/types\/product"}],"wp:featuredmedia":[{"embeddable":true,"href":"https:\/\/hantom.ch\/fr\/wp-json\/wp\/v2\/media\/64552"}],"wp:attachment":[{"href":"https:\/\/hantom.ch\/fr\/wp-json\/wp\/v2\/media?parent=102989"}],"wp:term":[{"taxonomy":"product_brand","embeddable":true,"href":"https:\/\/hantom.ch\/fr\/wp-json\/wp\/v2\/product_brand?post=102989"},{"taxonomy":"product_cat","embeddable":true,"href":"https:\/\/hantom.ch\/fr\/wp-json\/wp\/v2\/product_cat?post=102989"},{"taxonomy":"product_tag","embeddable":true,"href":"https:\/\/hantom.ch\/fr\/wp-json\/wp\/v2\/product_tag?post=102989"}],"curies":[{"name":"wp","href":"https:\/\/api.w.org\/{rel}","templated":true}]}}