{"id":103000,"date":"2026-04-15T05:32:09","date_gmt":"2026-04-15T03:32:09","guid":{"rendered":"https:\/\/hantom.ch\/product\/e0710104-ruban-isolant-premium-37-19mm-x20m-blau-5\/"},"modified":"2025-04-23T09:38:30","modified_gmt":"2025-04-23T07:38:30","slug":"e0710104-ruban-isolant-premium-37-19mm-x20m-blau-5","status":"publish","type":"product","link":"https:\/\/hantom.ch\/fr\/produit\/e0710104-ruban-isolant-premium-37-19mm-x20m-blau-5\/","title":{"rendered":"E0710104 &#8211; Ruban isolant Premium 37, 19mm x20m , blau (5)"},"content":{"rendered":"<p>Ruban isolant en vinyle de premi\u00e8re qualit\u00e9 avec une excellente \u00e9lasticit\u00e9 <br \/>et un bon pouvoir isolant. Haute r\u00e9sistance \u00e0 l&apos;abrasion,<br \/>l&apos;eau, l&apos;huile, les bases, les acides et les produits chimiques corrosifs. <br \/>R\u00e9sistant \u00e0 la tension jusqu&apos;\u00e0 600V, \u00e9paisseur : 0.18mm<br \/>Temp\u00e9rature de traitement : -10\u00baC \u00e0 105\u00baC<br \/>Paquet de 5 rouleaux<\/p>\n","protected":false},"excerpt":{"rendered":"<p>Ruban isolant en vinyle de premi\u00e8re qualit\u00e9 avec une excellente \u00e9lasticit\u00e9 et un bon pouvoir isolant. Haute r\u00e9sistance \u00e0 l&apos;abrasion,l&apos;eau, l&apos;huile, les bases, les acides et les produits chimiques corrosifs. R\u00e9sistant \u00e0 la tension jusqu&apos;\u00e0 600V, \u00e9paisseur : 0.18mmTemp\u00e9rature de traitement : -10\u00baC \u00e0 105\u00baCPaquet de 5 rouleaux<\/p>\n","protected":false},"featured_media":84318,"template":"","meta":[],"product_brand":[],"product_cat":[1262,1065,1319,1320],"product_tag":[],"class_list":{"0":"post-103000","1":"product","2":"type-product","3":"status-publish","4":"has-post-thumbnail","6":"product_cat-e07-fr","7":"product_cat-e-fr","8":"product_cat-e0710-fr","9":"product_cat-e07101-fr","11":"first","12":"instock","13":"taxable","14":"shipping-taxable","15":"purchasable","16":"product-type-simple"},"_links":{"self":[{"href":"https:\/\/hantom.ch\/fr\/wp-json\/wp\/v2\/product\/103000","targetHints":{"allow":["GET"]}}],"collection":[{"href":"https:\/\/hantom.ch\/fr\/wp-json\/wp\/v2\/product"}],"about":[{"href":"https:\/\/hantom.ch\/fr\/wp-json\/wp\/v2\/types\/product"}],"wp:featuredmedia":[{"embeddable":true,"href":"https:\/\/hantom.ch\/fr\/wp-json\/wp\/v2\/media\/84318"}],"wp:attachment":[{"href":"https:\/\/hantom.ch\/fr\/wp-json\/wp\/v2\/media?parent=103000"}],"wp:term":[{"taxonomy":"product_brand","embeddable":true,"href":"https:\/\/hantom.ch\/fr\/wp-json\/wp\/v2\/product_brand?post=103000"},{"taxonomy":"product_cat","embeddable":true,"href":"https:\/\/hantom.ch\/fr\/wp-json\/wp\/v2\/product_cat?post=103000"},{"taxonomy":"product_tag","embeddable":true,"href":"https:\/\/hantom.ch\/fr\/wp-json\/wp\/v2\/product_tag?post=103000"}],"curies":[{"name":"wp","href":"https:\/\/api.w.org\/{rel}","templated":true}]}}