{"id":103025,"date":"2026-04-19T05:17:10","date_gmt":"2026-04-19T03:17:10","guid":{"rendered":"https:\/\/hantom.ch\/product\/e0712101-etain-a-souder-tiges-4x-environ-250g-l-pbsn33sb\/"},"modified":"2025-04-23T09:38:46","modified_gmt":"2025-04-23T07:38:46","slug":"e0712101-etain-a-souder-tiges-4x-environ-250g-l-pbsn33sb","status":"publish","type":"product","link":"https:\/\/hantom.ch\/fr\/produit\/e0712101-etain-a-souder-tiges-4x-environ-250g-l-pbsn33sb\/","title":{"rendered":"E0712101 &#8211; \u00c9tain \u00e0 souder, tiges, 4x environ 250g L-PbSn33(Sb)"},"content":{"rendered":"<p>Tige \u00e0 souder triangulaire 33\/67 Sn\/Pb<br \/>D:7..9mm L:400mm &#8211; 250 gr.<\/p>\n","protected":false},"excerpt":{"rendered":"<p>Tige \u00e0 souder triangulaire 33\/67 Sn\/PbD:7..9mm L:400mm &#8211; 250 gr.<\/p>\n","protected":false},"featured_media":0,"template":"","meta":[],"product_brand":[],"product_cat":[1262,1065,1334,1335],"product_tag":[],"class_list":{"0":"post-103025","1":"product","2":"type-product","3":"status-publish","5":"product_cat-e07-fr","6":"product_cat-e-fr","7":"product_cat-e0712-fr","8":"product_cat-e07121-fr","10":"first","11":"instock","12":"taxable","13":"shipping-taxable","14":"purchasable","15":"product-type-simple"},"_links":{"self":[{"href":"https:\/\/hantom.ch\/fr\/wp-json\/wp\/v2\/product\/103025","targetHints":{"allow":["GET"]}}],"collection":[{"href":"https:\/\/hantom.ch\/fr\/wp-json\/wp\/v2\/product"}],"about":[{"href":"https:\/\/hantom.ch\/fr\/wp-json\/wp\/v2\/types\/product"}],"wp:attachment":[{"href":"https:\/\/hantom.ch\/fr\/wp-json\/wp\/v2\/media?parent=103025"}],"wp:term":[{"taxonomy":"product_brand","embeddable":true,"href":"https:\/\/hantom.ch\/fr\/wp-json\/wp\/v2\/product_brand?post=103025"},{"taxonomy":"product_cat","embeddable":true,"href":"https:\/\/hantom.ch\/fr\/wp-json\/wp\/v2\/product_cat?post=103025"},{"taxonomy":"product_tag","embeddable":true,"href":"https:\/\/hantom.ch\/fr\/wp-json\/wp\/v2\/product_tag?post=103025"}],"curies":[{"name":"wp","href":"https:\/\/api.w.org\/{rel}","templated":true}]}}