{"id":103029,"date":"2026-04-19T05:17:15","date_gmt":"2026-04-19T03:17:15","guid":{"rendered":"https:\/\/hantom.ch\/product\/e0713111-nettoyant-pour-cable-cl-pf-solvent-24t-24\/"},"modified":"2025-04-23T09:38:48","modified_gmt":"2025-04-23T07:38:48","slug":"e0713111-nettoyant-pour-cable-cl-pf-solvent-24t-24","status":"publish","type":"product","link":"https:\/\/hantom.ch\/fr\/produit\/e0713111-nettoyant-pour-cable-cl-pf-solvent-24t-24\/","title":{"rendered":"E0713111 &#8211; Nettoyant pour c\u00e2ble CL-PF-SOLVENT-24T (24)"},"content":{"rendered":"<p>impr\u00e9gn\u00e9 d&apos;un solvant sp\u00e9cial pour nettoyer et d\u00e9graisser, <br \/>\u00e9limine les graisses, les huiles, la cire et toutes les salet\u00e9s, <br \/>s&apos;\u00e9vapore sans laisser de traces<br \/>paquet refermable de 24 chiffons<\/p>\n","protected":false},"excerpt":{"rendered":"<p>impr\u00e9gn\u00e9 d&apos;un solvant sp\u00e9cial pour nettoyer et d\u00e9graisser, \u00e9limine les graisses, les huiles, la cire et toutes les salet\u00e9s, s&apos;\u00e9vapore sans laisser de tracespaquet refermable de 24 chiffons<\/p>\n","protected":false},"featured_media":33960,"template":"","meta":[],"product_brand":[],"product_cat":[1262,1336,1065,1338],"product_tag":[],"class_list":{"0":"post-103029","1":"product","2":"type-product","3":"status-publish","4":"has-post-thumbnail","6":"product_cat-e07-fr","7":"product_cat-e0713-fr","8":"product_cat-e-fr","9":"product_cat-e07131-fr","11":"first","12":"instock","13":"taxable","14":"shipping-taxable","15":"purchasable","16":"product-type-simple"},"_links":{"self":[{"href":"https:\/\/hantom.ch\/fr\/wp-json\/wp\/v2\/product\/103029","targetHints":{"allow":["GET"]}}],"collection":[{"href":"https:\/\/hantom.ch\/fr\/wp-json\/wp\/v2\/product"}],"about":[{"href":"https:\/\/hantom.ch\/fr\/wp-json\/wp\/v2\/types\/product"}],"wp:featuredmedia":[{"embeddable":true,"href":"https:\/\/hantom.ch\/fr\/wp-json\/wp\/v2\/media\/33960"}],"wp:attachment":[{"href":"https:\/\/hantom.ch\/fr\/wp-json\/wp\/v2\/media?parent=103029"}],"wp:term":[{"taxonomy":"product_brand","embeddable":true,"href":"https:\/\/hantom.ch\/fr\/wp-json\/wp\/v2\/product_brand?post=103029"},{"taxonomy":"product_cat","embeddable":true,"href":"https:\/\/hantom.ch\/fr\/wp-json\/wp\/v2\/product_cat?post=103029"},{"taxonomy":"product_tag","embeddable":true,"href":"https:\/\/hantom.ch\/fr\/wp-json\/wp\/v2\/product_tag?post=103029"}],"curies":[{"name":"wp","href":"https:\/\/api.w.org\/{rel}","templated":true}]}}