{"id":103030,"date":"2026-04-23T06:16:44","date_gmt":"2026-04-23T04:16:44","guid":{"rendered":"https:\/\/hantom.ch\/product\/e0713120-nettoyant-pour-cable-elix-clean-1\/"},"modified":"2025-04-23T09:38:48","modified_gmt":"2025-04-23T07:38:48","slug":"e0713120-nettoyant-pour-cable-elix-clean-1","status":"publish","type":"product","link":"https:\/\/hantom.ch\/fr\/produit\/e0713120-nettoyant-pour-cable-elix-clean-1\/","title":{"rendered":"E0713120 &#8211; Nettoyant pour c\u00e2ble ELIX CLEAN (1)"},"content":{"rendered":"<p>Alcool de nettoyage pour un nettoyage efficace <br \/>des c\u00e2bles, s&apos;\u00e9vapore sans laisser de traces,<br \/>\u00e0 utiliser avec des chiffons non pelucheux<\/p>\n","protected":false},"excerpt":{"rendered":"<p>Alcool de nettoyage pour un nettoyage efficace des c\u00e2bles, s&apos;\u00e9vapore sans laisser de traces,\u00e0 utiliser avec des chiffons non pelucheux<\/p>\n","protected":false},"featured_media":75556,"template":"","meta":[],"product_brand":[],"product_cat":[1262,1336,1065,1338],"product_tag":[],"class_list":{"0":"post-103030","1":"product","2":"type-product","3":"status-publish","4":"has-post-thumbnail","6":"product_cat-e07-fr","7":"product_cat-e0713-fr","8":"product_cat-e-fr","9":"product_cat-e07131-fr","11":"first","12":"instock","13":"taxable","14":"shipping-taxable","15":"purchasable","16":"product-type-simple"},"_links":{"self":[{"href":"https:\/\/hantom.ch\/fr\/wp-json\/wp\/v2\/product\/103030","targetHints":{"allow":["GET"]}}],"collection":[{"href":"https:\/\/hantom.ch\/fr\/wp-json\/wp\/v2\/product"}],"about":[{"href":"https:\/\/hantom.ch\/fr\/wp-json\/wp\/v2\/types\/product"}],"wp:featuredmedia":[{"embeddable":true,"href":"https:\/\/hantom.ch\/fr\/wp-json\/wp\/v2\/media\/75556"}],"wp:attachment":[{"href":"https:\/\/hantom.ch\/fr\/wp-json\/wp\/v2\/media?parent=103030"}],"wp:term":[{"taxonomy":"product_brand","embeddable":true,"href":"https:\/\/hantom.ch\/fr\/wp-json\/wp\/v2\/product_brand?post=103030"},{"taxonomy":"product_cat","embeddable":true,"href":"https:\/\/hantom.ch\/fr\/wp-json\/wp\/v2\/product_cat?post=103030"},{"taxonomy":"product_tag","embeddable":true,"href":"https:\/\/hantom.ch\/fr\/wp-json\/wp\/v2\/product_tag?post=103030"}],"curies":[{"name":"wp","href":"https:\/\/api.w.org\/{rel}","templated":true}]}}