{"id":103087,"date":"2026-04-26T05:46:05","date_gmt":"2026-04-26T03:46:05","guid":{"rendered":"https:\/\/hantom.ch\/product\/f0404102-set-etriers-de-mise-a-terre-temporaire-st208-pour-conduc-isoles-1kv-al-10-95mm2-cu-1-5-70mm2-4xslip22-1-4xterre\/"},"modified":"2026-04-01T10:42:35","modified_gmt":"2026-04-01T08:42:35","slug":"f0404102-set-etriers-de-mise-a-terre-temporaire-st208-pour-conduc-isoles-1kv-al-10-95mm2-cu-1-5-70mm2-4xslip22-1-4xterre","status":"publish","type":"product","link":"https:\/\/hantom.ch\/fr\/produit\/f0404102-set-etriers-de-mise-a-terre-temporaire-st208-pour-conduc-isoles-1kv-al-10-95mm2-cu-1-5-70mm2-4xslip22-1-4xterre\/","title":{"rendered":"F0404102 &#8211; Set, \u00e9triers de mise \u00e0 terre temporaire ST208 pour conduc. isol\u00e9s 1kV, Al 10-95mm2 \/ Cu 1.5-70mm2, 4xSLIP22.1, 4xterre"},"content":{"rendered":"","protected":false},"excerpt":{"rendered":"","protected":false},"featured_media":70703,"template":"","meta":[],"product_brand":[],"product_cat":[1364,1367],"product_tag":[],"class_list":{"0":"post-103087","1":"product","2":"type-product","3":"status-publish","4":"has-post-thumbnail","6":"product_cat-f04-fr","7":"product_cat-f0404-fr","9":"first","10":"instock","11":"taxable","12":"shipping-taxable","13":"purchasable","14":"product-type-simple"},"_links":{"self":[{"href":"https:\/\/hantom.ch\/fr\/wp-json\/wp\/v2\/product\/103087","targetHints":{"allow":["GET"]}}],"collection":[{"href":"https:\/\/hantom.ch\/fr\/wp-json\/wp\/v2\/product"}],"about":[{"href":"https:\/\/hantom.ch\/fr\/wp-json\/wp\/v2\/types\/product"}],"wp:featuredmedia":[{"embeddable":true,"href":"https:\/\/hantom.ch\/fr\/wp-json\/wp\/v2\/media\/70703"}],"wp:attachment":[{"href":"https:\/\/hantom.ch\/fr\/wp-json\/wp\/v2\/media?parent=103087"}],"wp:term":[{"taxonomy":"product_brand","embeddable":true,"href":"https:\/\/hantom.ch\/fr\/wp-json\/wp\/v2\/product_brand?post=103087"},{"taxonomy":"product_cat","embeddable":true,"href":"https:\/\/hantom.ch\/fr\/wp-json\/wp\/v2\/product_cat?post=103087"},{"taxonomy":"product_tag","embeddable":true,"href":"https:\/\/hantom.ch\/fr\/wp-json\/wp\/v2\/product_tag?post=103087"}],"curies":[{"name":"wp","href":"https:\/\/api.w.org\/{rel}","templated":true}]}}