{"id":103127,"date":"2026-04-26T05:47:22","date_gmt":"2026-04-26T03:47:22","guid":{"rendered":"https:\/\/hantom.ch\/product\/f0404653-boitier-pour-borne-de-derivation-sp16-adapte-pour-sm4-2-4-21-sl8-2-8-21-14-2-sm25-2-sew20-21\/"},"modified":"2026-04-01T10:43:04","modified_gmt":"2026-04-01T08:43:04","slug":"f0404653-boitier-pour-borne-de-derivation-sp16-adapte-pour-sm4-2-4-21-sl8-2-8-21-14-2-sm25-2-sew20-21","status":"publish","type":"product","link":"https:\/\/hantom.ch\/fr\/produit\/f0404653-boitier-pour-borne-de-derivation-sp16-adapte-pour-sm4-2-4-21-sl8-2-8-21-14-2-sm25-2-sew20-21\/","title":{"rendered":"F0404653 &#8211; Bo\u00eetier pour borne de d\u00e9rivation SP16 adapt\u00e9 pour SM4.2\/4.21\/SL8.2\/8.21\/14.2\/SM25.2\/SEW20\/21"},"content":{"rendered":"","protected":false},"excerpt":{"rendered":"","protected":false},"featured_media":70708,"template":"","meta":[],"product_brand":[],"product_cat":[1364,1367],"product_tag":[],"class_list":{"0":"post-103127","1":"product","2":"type-product","3":"status-publish","4":"has-post-thumbnail","6":"product_cat-f04-fr","7":"product_cat-f0404-fr","9":"first","10":"instock","11":"taxable","12":"shipping-taxable","13":"purchasable","14":"product-type-simple"},"_links":{"self":[{"href":"https:\/\/hantom.ch\/fr\/wp-json\/wp\/v2\/product\/103127","targetHints":{"allow":["GET"]}}],"collection":[{"href":"https:\/\/hantom.ch\/fr\/wp-json\/wp\/v2\/product"}],"about":[{"href":"https:\/\/hantom.ch\/fr\/wp-json\/wp\/v2\/types\/product"}],"wp:featuredmedia":[{"embeddable":true,"href":"https:\/\/hantom.ch\/fr\/wp-json\/wp\/v2\/media\/70708"}],"wp:attachment":[{"href":"https:\/\/hantom.ch\/fr\/wp-json\/wp\/v2\/media?parent=103127"}],"wp:term":[{"taxonomy":"product_brand","embeddable":true,"href":"https:\/\/hantom.ch\/fr\/wp-json\/wp\/v2\/product_brand?post=103127"},{"taxonomy":"product_cat","embeddable":true,"href":"https:\/\/hantom.ch\/fr\/wp-json\/wp\/v2\/product_cat?post=103127"},{"taxonomy":"product_tag","embeddable":true,"href":"https:\/\/hantom.ch\/fr\/wp-json\/wp\/v2\/product_tag?post=103127"}],"curies":[{"name":"wp","href":"https:\/\/api.w.org\/{rel}","templated":true}]}}