{"id":103155,"date":"2026-04-17T06:01:06","date_gmt":"2026-04-17T04:01:06","guid":{"rendered":"https:\/\/hantom.ch\/product\/f0405204-vis-a-crochet-pour-mat-sot21-01-20mm-diametre-de-mat-145-215mm\/"},"modified":"2026-04-01T10:43:24","modified_gmt":"2026-04-01T08:43:24","slug":"f0405204-vis-a-crochet-pour-mat-sot21-01-20mm-diametre-de-mat-145-215mm","status":"publish","type":"product","link":"https:\/\/hantom.ch\/fr\/produit\/f0405204-vis-a-crochet-pour-mat-sot21-01-20mm-diametre-de-mat-145-215mm\/","title":{"rendered":"F0405204 &#8211; Vis \u00e0 crochet pour m\u00e2t SOT21.01, 20mm, diam\u00e8tre de m\u00e2t : 145-215mm"},"content":{"rendered":"<p>Crochet de suspension pour m\u00e2t&#10;A travers le m\u00e2t, M20, L=240<br \/>&#10;Le crochet de suspension est utilis\u00e9 pour les lignes a\u00e9riennes <br \/>ou les lignes d&apos;alimentation isol\u00e9es. Acier galvanis\u00e9 \u00e0 chaud.<\/p>\n","protected":false},"excerpt":{"rendered":"<p>Crochet de suspension pour m\u00e2t&#10;A travers le m\u00e2t, M20, L=240&#10;Le crochet de suspension est utilis\u00e9 pour les lignes a\u00e9riennes ou les lignes d&apos;alimentation isol\u00e9es. Acier galvanis\u00e9 \u00e0 chaud.<\/p>\n","protected":false},"featured_media":70716,"template":"","meta":[],"product_brand":[],"product_cat":[1364,1368],"product_tag":[],"class_list":{"0":"post-103155","1":"product","2":"type-product","3":"status-publish","4":"has-post-thumbnail","6":"product_cat-f04-fr","7":"product_cat-f0405-fr","9":"first","10":"instock","11":"taxable","12":"shipping-taxable","13":"purchasable","14":"product-type-simple"},"_links":{"self":[{"href":"https:\/\/hantom.ch\/fr\/wp-json\/wp\/v2\/product\/103155","targetHints":{"allow":["GET"]}}],"collection":[{"href":"https:\/\/hantom.ch\/fr\/wp-json\/wp\/v2\/product"}],"about":[{"href":"https:\/\/hantom.ch\/fr\/wp-json\/wp\/v2\/types\/product"}],"wp:featuredmedia":[{"embeddable":true,"href":"https:\/\/hantom.ch\/fr\/wp-json\/wp\/v2\/media\/70716"}],"wp:attachment":[{"href":"https:\/\/hantom.ch\/fr\/wp-json\/wp\/v2\/media?parent=103155"}],"wp:term":[{"taxonomy":"product_brand","embeddable":true,"href":"https:\/\/hantom.ch\/fr\/wp-json\/wp\/v2\/product_brand?post=103155"},{"taxonomy":"product_cat","embeddable":true,"href":"https:\/\/hantom.ch\/fr\/wp-json\/wp\/v2\/product_cat?post=103155"},{"taxonomy":"product_tag","embeddable":true,"href":"https:\/\/hantom.ch\/fr\/wp-json\/wp\/v2\/product_tag?post=103155"}],"curies":[{"name":"wp","href":"https:\/\/api.w.org\/{rel}","templated":true}]}}