{"id":103160,"date":"2026-04-14T06:31:49","date_gmt":"2026-04-14T04:31:49","guid":{"rendered":"https:\/\/hantom.ch\/product\/f0405209-vis-a-crochet-pour-mat-sot21-2-20mm-diametre-de-mat-225-295mm\/"},"modified":"2026-04-01T10:43:26","modified_gmt":"2026-04-01T08:43:26","slug":"f0405209-vis-a-crochet-pour-mat-sot21-2-20mm-diametre-de-mat-225-295mm","status":"publish","type":"product","link":"https:\/\/hantom.ch\/fr\/produit\/f0405209-vis-a-crochet-pour-mat-sot21-2-20mm-diametre-de-mat-225-295mm\/","title":{"rendered":"F0405209 &#8211; Vis \u00e0 crochet pour m\u00e2t SOT21.2, 20mm, diam\u00e8tre de m\u00e2t : 225-295mm"},"content":{"rendered":"","protected":false},"excerpt":{"rendered":"","protected":false},"featured_media":73007,"template":"","meta":[],"product_brand":[],"product_cat":[1364,1368],"product_tag":[],"class_list":{"0":"post-103160","1":"product","2":"type-product","3":"status-publish","4":"has-post-thumbnail","6":"product_cat-f04-fr","7":"product_cat-f0405-fr","9":"first","10":"instock","11":"taxable","12":"shipping-taxable","13":"purchasable","14":"product-type-simple"},"_links":{"self":[{"href":"https:\/\/hantom.ch\/fr\/wp-json\/wp\/v2\/product\/103160","targetHints":{"allow":["GET"]}}],"collection":[{"href":"https:\/\/hantom.ch\/fr\/wp-json\/wp\/v2\/product"}],"about":[{"href":"https:\/\/hantom.ch\/fr\/wp-json\/wp\/v2\/types\/product"}],"wp:featuredmedia":[{"embeddable":true,"href":"https:\/\/hantom.ch\/fr\/wp-json\/wp\/v2\/media\/73007"}],"wp:attachment":[{"href":"https:\/\/hantom.ch\/fr\/wp-json\/wp\/v2\/media?parent=103160"}],"wp:term":[{"taxonomy":"product_brand","embeddable":true,"href":"https:\/\/hantom.ch\/fr\/wp-json\/wp\/v2\/product_brand?post=103160"},{"taxonomy":"product_cat","embeddable":true,"href":"https:\/\/hantom.ch\/fr\/wp-json\/wp\/v2\/product_cat?post=103160"},{"taxonomy":"product_tag","embeddable":true,"href":"https:\/\/hantom.ch\/fr\/wp-json\/wp\/v2\/product_tag?post=103160"}],"curies":[{"name":"wp","href":"https:\/\/api.w.org\/{rel}","templated":true}]}}