{"id":103166,"date":"2026-04-14T06:32:02","date_gmt":"2026-04-14T04:32:02","guid":{"rendered":"https:\/\/hantom.ch\/product\/f0405215-vis-a-crochet-pour-mat-sot90-1-20mm-diametre-de-mat-100-175mm\/"},"modified":"2026-04-01T10:43:31","modified_gmt":"2026-04-01T08:43:31","slug":"f0405215-vis-a-crochet-pour-mat-sot90-1-20mm-diametre-de-mat-100-175mm","status":"publish","type":"product","link":"https:\/\/hantom.ch\/fr\/produit\/f0405215-vis-a-crochet-pour-mat-sot90-1-20mm-diametre-de-mat-100-175mm\/","title":{"rendered":"F0405215 &#8211; Vis \u00e0 crochet pour m\u00e2t SOT90.1, 20mm, diam\u00e8tre de m\u00e2t : 100-175mm"},"content":{"rendered":"","protected":false},"excerpt":{"rendered":"","protected":false},"featured_media":73013,"template":"","meta":[],"product_brand":[],"product_cat":[1364,1368],"product_tag":[],"class_list":{"0":"post-103166","1":"product","2":"type-product","3":"status-publish","4":"has-post-thumbnail","6":"product_cat-f04-fr","7":"product_cat-f0405-fr","9":"first","10":"instock","11":"taxable","12":"shipping-taxable","13":"purchasable","14":"product-type-simple"},"_links":{"self":[{"href":"https:\/\/hantom.ch\/fr\/wp-json\/wp\/v2\/product\/103166","targetHints":{"allow":["GET"]}}],"collection":[{"href":"https:\/\/hantom.ch\/fr\/wp-json\/wp\/v2\/product"}],"about":[{"href":"https:\/\/hantom.ch\/fr\/wp-json\/wp\/v2\/types\/product"}],"wp:featuredmedia":[{"embeddable":true,"href":"https:\/\/hantom.ch\/fr\/wp-json\/wp\/v2\/media\/73013"}],"wp:attachment":[{"href":"https:\/\/hantom.ch\/fr\/wp-json\/wp\/v2\/media?parent=103166"}],"wp:term":[{"taxonomy":"product_brand","embeddable":true,"href":"https:\/\/hantom.ch\/fr\/wp-json\/wp\/v2\/product_brand?post=103166"},{"taxonomy":"product_cat","embeddable":true,"href":"https:\/\/hantom.ch\/fr\/wp-json\/wp\/v2\/product_cat?post=103166"},{"taxonomy":"product_tag","embeddable":true,"href":"https:\/\/hantom.ch\/fr\/wp-json\/wp\/v2\/product_tag?post=103166"}],"curies":[{"name":"wp","href":"https:\/\/api.w.org\/{rel}","templated":true}]}}