{"id":103168,"date":"2026-04-14T06:32:07","date_gmt":"2026-04-14T04:32:07","guid":{"rendered":"https:\/\/hantom.ch\/product\/f0405217-vis-a-crochet-pour-mat-sot90-22-20mm-diametre-de-mat-145-215mm-avec-rondelle-a-griffes\/"},"modified":"2026-04-01T10:43:31","modified_gmt":"2026-04-01T08:43:31","slug":"f0405217-vis-a-crochet-pour-mat-sot90-22-20mm-diametre-de-mat-145-215mm-avec-rondelle-a-griffes","status":"publish","type":"product","link":"https:\/\/hantom.ch\/fr\/produit\/f0405217-vis-a-crochet-pour-mat-sot90-22-20mm-diametre-de-mat-145-215mm-avec-rondelle-a-griffes\/","title":{"rendered":"F0405217 &#8211; Vis \u00e0 crochet pour m\u00e2t SOT90.22, 20mm, diam\u00e8tre de m\u00e2t : 145-215mm (avec rondelle \u00e0 griffes)"},"content":{"rendered":"","protected":false},"excerpt":{"rendered":"","protected":false},"featured_media":73014,"template":"","meta":[],"product_brand":[],"product_cat":[1364,1368],"product_tag":[],"class_list":{"0":"post-103168","1":"product","2":"type-product","3":"status-publish","4":"has-post-thumbnail","6":"product_cat-f04-fr","7":"product_cat-f0405-fr","9":"first","10":"instock","11":"taxable","12":"shipping-taxable","13":"purchasable","14":"product-type-simple"},"_links":{"self":[{"href":"https:\/\/hantom.ch\/fr\/wp-json\/wp\/v2\/product\/103168","targetHints":{"allow":["GET"]}}],"collection":[{"href":"https:\/\/hantom.ch\/fr\/wp-json\/wp\/v2\/product"}],"about":[{"href":"https:\/\/hantom.ch\/fr\/wp-json\/wp\/v2\/types\/product"}],"wp:featuredmedia":[{"embeddable":true,"href":"https:\/\/hantom.ch\/fr\/wp-json\/wp\/v2\/media\/73014"}],"wp:attachment":[{"href":"https:\/\/hantom.ch\/fr\/wp-json\/wp\/v2\/media?parent=103168"}],"wp:term":[{"taxonomy":"product_brand","embeddable":true,"href":"https:\/\/hantom.ch\/fr\/wp-json\/wp\/v2\/product_brand?post=103168"},{"taxonomy":"product_cat","embeddable":true,"href":"https:\/\/hantom.ch\/fr\/wp-json\/wp\/v2\/product_cat?post=103168"},{"taxonomy":"product_tag","embeddable":true,"href":"https:\/\/hantom.ch\/fr\/wp-json\/wp\/v2\/product_tag?post=103168"}],"curies":[{"name":"wp","href":"https:\/\/api.w.org\/{rel}","templated":true}]}}