{"id":103172,"date":"2026-04-26T06:02:15","date_gmt":"2026-04-26T04:02:15","guid":{"rendered":"https:\/\/hantom.ch\/product\/f0405280-vis-a-crochet-pour-mat-avec-ecartement-sot91-1-12mm-diametre-de-mat-max-200mm\/"},"modified":"2026-04-01T10:43:33","modified_gmt":"2026-04-01T08:43:33","slug":"f0405280-vis-a-crochet-pour-mat-avec-ecartement-sot91-1-12mm-diametre-de-mat-max-200mm","status":"publish","type":"product","link":"https:\/\/hantom.ch\/fr\/produit\/f0405280-vis-a-crochet-pour-mat-avec-ecartement-sot91-1-12mm-diametre-de-mat-max-200mm\/","title":{"rendered":"F0405280 &#8211; vis \u00e0 crochet pour m\u00e2t avec \u00e9cartement SOT91.1, 12mm, diam\u00e8tre de m\u00e2t : max. 200mm"},"content":{"rendered":"","protected":false},"excerpt":{"rendered":"","protected":false},"featured_media":73017,"template":"","meta":[],"product_brand":[],"product_cat":[1364,1368],"product_tag":[],"class_list":{"0":"post-103172","1":"product","2":"type-product","3":"status-publish","4":"has-post-thumbnail","6":"product_cat-f04-fr","7":"product_cat-f0405-fr","9":"first","10":"instock","11":"taxable","12":"shipping-taxable","13":"purchasable","14":"product-type-simple"},"_links":{"self":[{"href":"https:\/\/hantom.ch\/fr\/wp-json\/wp\/v2\/product\/103172","targetHints":{"allow":["GET"]}}],"collection":[{"href":"https:\/\/hantom.ch\/fr\/wp-json\/wp\/v2\/product"}],"about":[{"href":"https:\/\/hantom.ch\/fr\/wp-json\/wp\/v2\/types\/product"}],"wp:featuredmedia":[{"embeddable":true,"href":"https:\/\/hantom.ch\/fr\/wp-json\/wp\/v2\/media\/73017"}],"wp:attachment":[{"href":"https:\/\/hantom.ch\/fr\/wp-json\/wp\/v2\/media?parent=103172"}],"wp:term":[{"taxonomy":"product_brand","embeddable":true,"href":"https:\/\/hantom.ch\/fr\/wp-json\/wp\/v2\/product_brand?post=103172"},{"taxonomy":"product_cat","embeddable":true,"href":"https:\/\/hantom.ch\/fr\/wp-json\/wp\/v2\/product_cat?post=103172"},{"taxonomy":"product_tag","embeddable":true,"href":"https:\/\/hantom.ch\/fr\/wp-json\/wp\/v2\/product_tag?post=103172"}],"curies":[{"name":"wp","href":"https:\/\/api.w.org\/{rel}","templated":true}]}}