{"id":103173,"date":"2026-04-26T06:02:17","date_gmt":"2026-04-26T04:02:17","guid":{"rendered":"https:\/\/hantom.ch\/product\/f0405281-vis-a-crochet-pour-mat-avec-ecartement-sot93-2-20mm-diametre-de-mat-max-215mm\/"},"modified":"2026-04-01T10:43:36","modified_gmt":"2026-04-01T08:43:36","slug":"f0405281-vis-a-crochet-pour-mat-avec-ecartement-sot93-2-20mm-diametre-de-mat-max-215mm","status":"publish","type":"product","link":"https:\/\/hantom.ch\/fr\/produit\/f0405281-vis-a-crochet-pour-mat-avec-ecartement-sot93-2-20mm-diametre-de-mat-max-215mm\/","title":{"rendered":"F0405281 &#8211; vis \u00e0 crochet pour m\u00e2t avec \u00e9cartement SOT93.2, 20mm, diam\u00e8tre de m\u00e2t : max. 215mm"},"content":{"rendered":"","protected":false},"excerpt":{"rendered":"","protected":false},"featured_media":73018,"template":"","meta":[],"product_brand":[],"product_cat":[1364,1368],"product_tag":[],"class_list":{"0":"post-103173","1":"product","2":"type-product","3":"status-publish","4":"has-post-thumbnail","6":"product_cat-f04-fr","7":"product_cat-f0405-fr","9":"first","10":"instock","11":"taxable","12":"shipping-taxable","13":"purchasable","14":"product-type-simple"},"_links":{"self":[{"href":"https:\/\/hantom.ch\/fr\/wp-json\/wp\/v2\/product\/103173","targetHints":{"allow":["GET"]}}],"collection":[{"href":"https:\/\/hantom.ch\/fr\/wp-json\/wp\/v2\/product"}],"about":[{"href":"https:\/\/hantom.ch\/fr\/wp-json\/wp\/v2\/types\/product"}],"wp:featuredmedia":[{"embeddable":true,"href":"https:\/\/hantom.ch\/fr\/wp-json\/wp\/v2\/media\/73018"}],"wp:attachment":[{"href":"https:\/\/hantom.ch\/fr\/wp-json\/wp\/v2\/media?parent=103173"}],"wp:term":[{"taxonomy":"product_brand","embeddable":true,"href":"https:\/\/hantom.ch\/fr\/wp-json\/wp\/v2\/product_brand?post=103173"},{"taxonomy":"product_cat","embeddable":true,"href":"https:\/\/hantom.ch\/fr\/wp-json\/wp\/v2\/product_cat?post=103173"},{"taxonomy":"product_tag","embeddable":true,"href":"https:\/\/hantom.ch\/fr\/wp-json\/wp\/v2\/product_tag?post=103173"}],"curies":[{"name":"wp","href":"https:\/\/api.w.org\/{rel}","templated":true}]}}