{"id":103174,"date":"2026-04-14T06:32:20","date_gmt":"2026-04-14T04:32:20","guid":{"rendered":"https:\/\/hantom.ch\/product\/f0405301-vis-pour-mat-rond-sot4-6-20mm-diametre-de-mat-190-250mm\/"},"modified":"2026-04-01T10:43:37","modified_gmt":"2026-04-01T08:43:37","slug":"f0405301-vis-pour-mat-rond-sot4-6-20mm-diametre-de-mat-190-250mm","status":"publish","type":"product","link":"https:\/\/hantom.ch\/fr\/produit\/f0405301-vis-pour-mat-rond-sot4-6-20mm-diametre-de-mat-190-250mm\/","title":{"rendered":"F0405301 &#8211; Vis pour m\u00e2t rond SOT4.6, 20mm, diam\u00e8tre de m\u00e2t : 190-250mm"},"content":{"rendered":"<p>1 pce<\/p>\n","protected":false},"excerpt":{"rendered":"<p>1 pce<\/p>\n","protected":false},"featured_media":73019,"template":"","meta":[],"product_brand":[],"product_cat":[1364,1368],"product_tag":[],"class_list":{"0":"post-103174","1":"product","2":"type-product","3":"status-publish","4":"has-post-thumbnail","6":"product_cat-f04-fr","7":"product_cat-f0405-fr","9":"first","10":"instock","11":"taxable","12":"shipping-taxable","13":"purchasable","14":"product-type-simple"},"_links":{"self":[{"href":"https:\/\/hantom.ch\/fr\/wp-json\/wp\/v2\/product\/103174","targetHints":{"allow":["GET"]}}],"collection":[{"href":"https:\/\/hantom.ch\/fr\/wp-json\/wp\/v2\/product"}],"about":[{"href":"https:\/\/hantom.ch\/fr\/wp-json\/wp\/v2\/types\/product"}],"wp:featuredmedia":[{"embeddable":true,"href":"https:\/\/hantom.ch\/fr\/wp-json\/wp\/v2\/media\/73019"}],"wp:attachment":[{"href":"https:\/\/hantom.ch\/fr\/wp-json\/wp\/v2\/media?parent=103174"}],"wp:term":[{"taxonomy":"product_brand","embeddable":true,"href":"https:\/\/hantom.ch\/fr\/wp-json\/wp\/v2\/product_brand?post=103174"},{"taxonomy":"product_cat","embeddable":true,"href":"https:\/\/hantom.ch\/fr\/wp-json\/wp\/v2\/product_cat?post=103174"},{"taxonomy":"product_tag","embeddable":true,"href":"https:\/\/hantom.ch\/fr\/wp-json\/wp\/v2\/product_tag?post=103174"}],"curies":[{"name":"wp","href":"https:\/\/api.w.org\/{rel}","templated":true}]}}