{"id":103175,"date":"2026-04-26T06:02:20","date_gmt":"2026-04-26T04:02:20","guid":{"rendered":"https:\/\/hantom.ch\/product\/f0405302-vis-pour-mat-rond-sot4-7-20mm-diametre-de-mat-240-330mm\/"},"modified":"2026-04-01T10:43:37","modified_gmt":"2026-04-01T08:43:37","slug":"f0405302-vis-pour-mat-rond-sot4-7-20mm-diametre-de-mat-240-330mm","status":"publish","type":"product","link":"https:\/\/hantom.ch\/fr\/produit\/f0405302-vis-pour-mat-rond-sot4-7-20mm-diametre-de-mat-240-330mm\/","title":{"rendered":"F0405302 &#8211; Vis pour m\u00e2t rond SOT4.7, 20mm, diam\u00e8tre de m\u00e2t : 240-330mm"},"content":{"rendered":"","protected":false},"excerpt":{"rendered":"","protected":false},"featured_media":73020,"template":"","meta":[],"product_brand":[],"product_cat":[1364,1368],"product_tag":[],"class_list":{"0":"post-103175","1":"product","2":"type-product","3":"status-publish","4":"has-post-thumbnail","6":"product_cat-f04-fr","7":"product_cat-f0405-fr","9":"first","10":"instock","11":"taxable","12":"shipping-taxable","13":"purchasable","14":"product-type-simple"},"_links":{"self":[{"href":"https:\/\/hantom.ch\/fr\/wp-json\/wp\/v2\/product\/103175","targetHints":{"allow":["GET"]}}],"collection":[{"href":"https:\/\/hantom.ch\/fr\/wp-json\/wp\/v2\/product"}],"about":[{"href":"https:\/\/hantom.ch\/fr\/wp-json\/wp\/v2\/types\/product"}],"wp:featuredmedia":[{"embeddable":true,"href":"https:\/\/hantom.ch\/fr\/wp-json\/wp\/v2\/media\/73020"}],"wp:attachment":[{"href":"https:\/\/hantom.ch\/fr\/wp-json\/wp\/v2\/media?parent=103175"}],"wp:term":[{"taxonomy":"product_brand","embeddable":true,"href":"https:\/\/hantom.ch\/fr\/wp-json\/wp\/v2\/product_brand?post=103175"},{"taxonomy":"product_cat","embeddable":true,"href":"https:\/\/hantom.ch\/fr\/wp-json\/wp\/v2\/product_cat?post=103175"},{"taxonomy":"product_tag","embeddable":true,"href":"https:\/\/hantom.ch\/fr\/wp-json\/wp\/v2\/product_tag?post=103175"}],"curies":[{"name":"wp","href":"https:\/\/api.w.org\/{rel}","templated":true}]}}