{"id":103182,"date":"2026-04-26T06:02:33","date_gmt":"2026-04-26T04:02:33","guid":{"rendered":"https:\/\/hantom.ch\/product\/f0405421-crochet-a-anneau-avec-ecartement-pd3-2-20mm-avec-filetage-interieur-m20\/"},"modified":"2026-04-01T10:43:40","modified_gmt":"2026-04-01T08:43:40","slug":"f0405421-crochet-a-anneau-avec-ecartement-pd3-2-20mm-avec-filetage-interieur-m20","status":"publish","type":"product","link":"https:\/\/hantom.ch\/fr\/produit\/f0405421-crochet-a-anneau-avec-ecartement-pd3-2-20mm-avec-filetage-interieur-m20\/","title":{"rendered":"F0405421 &#8211; Crochet \u00e0 anneau avec \u00e9cartement PD3.2, 20mm, avec filetage int\u00e9rieur M20"},"content":{"rendered":"<p>1 pce<\/p>\n","protected":false},"excerpt":{"rendered":"<p>1 pce<\/p>\n","protected":false},"featured_media":70226,"template":"","meta":[],"product_brand":[],"product_cat":[1364,1368],"product_tag":[],"class_list":{"0":"post-103182","1":"product","2":"type-product","3":"status-publish","4":"has-post-thumbnail","6":"product_cat-f04-fr","7":"product_cat-f0405-fr","9":"first","10":"instock","11":"taxable","12":"shipping-taxable","13":"purchasable","14":"product-type-simple"},"_links":{"self":[{"href":"https:\/\/hantom.ch\/fr\/wp-json\/wp\/v2\/product\/103182","targetHints":{"allow":["GET"]}}],"collection":[{"href":"https:\/\/hantom.ch\/fr\/wp-json\/wp\/v2\/product"}],"about":[{"href":"https:\/\/hantom.ch\/fr\/wp-json\/wp\/v2\/types\/product"}],"wp:featuredmedia":[{"embeddable":true,"href":"https:\/\/hantom.ch\/fr\/wp-json\/wp\/v2\/media\/70226"}],"wp:attachment":[{"href":"https:\/\/hantom.ch\/fr\/wp-json\/wp\/v2\/media?parent=103182"}],"wp:term":[{"taxonomy":"product_brand","embeddable":true,"href":"https:\/\/hantom.ch\/fr\/wp-json\/wp\/v2\/product_brand?post=103182"},{"taxonomy":"product_cat","embeddable":true,"href":"https:\/\/hantom.ch\/fr\/wp-json\/wp\/v2\/product_cat?post=103182"},{"taxonomy":"product_tag","embeddable":true,"href":"https:\/\/hantom.ch\/fr\/wp-json\/wp\/v2\/product_tag?post=103182"}],"curies":[{"name":"wp","href":"https:\/\/api.w.org\/{rel}","templated":true}]}}