{"id":103186,"date":"2026-04-14T06:45:45","date_gmt":"2026-04-14T04:45:45","guid":{"rendered":"https:\/\/hantom.ch\/product\/f0405432-crochet-a-anneau-pour-montage-sur-mur-ou-sur-mat-rond-sot28-2-16mm-96x200mm-resistance-superieure\/"},"modified":"2026-04-01T10:43:45","modified_gmt":"2026-04-01T08:43:45","slug":"f0405432-crochet-a-anneau-pour-montage-sur-mur-ou-sur-mat-rond-sot28-2-16mm-96x200mm-resistance-superieure","status":"publish","type":"product","link":"https:\/\/hantom.ch\/fr\/produit\/f0405432-crochet-a-anneau-pour-montage-sur-mur-ou-sur-mat-rond-sot28-2-16mm-96x200mm-resistance-superieure\/","title":{"rendered":"F0405432 &#8211; Crochet \u00e0 anneau pour montage sur mur ou sur m\u00e2t rond SOT28.2, 16mm, 96x200mm, r\u00e9sistance sup\u00e9rieure"},"content":{"rendered":"","protected":false},"excerpt":{"rendered":"","protected":false},"featured_media":73021,"template":"","meta":[],"product_brand":[],"product_cat":[1364,1368],"product_tag":[],"class_list":{"0":"post-103186","1":"product","2":"type-product","3":"status-publish","4":"has-post-thumbnail","6":"product_cat-f04-fr","7":"product_cat-f0405-fr","9":"first","10":"instock","11":"taxable","12":"shipping-taxable","13":"purchasable","14":"product-type-simple"},"_links":{"self":[{"href":"https:\/\/hantom.ch\/fr\/wp-json\/wp\/v2\/product\/103186","targetHints":{"allow":["GET"]}}],"collection":[{"href":"https:\/\/hantom.ch\/fr\/wp-json\/wp\/v2\/product"}],"about":[{"href":"https:\/\/hantom.ch\/fr\/wp-json\/wp\/v2\/types\/product"}],"wp:featuredmedia":[{"embeddable":true,"href":"https:\/\/hantom.ch\/fr\/wp-json\/wp\/v2\/media\/73021"}],"wp:attachment":[{"href":"https:\/\/hantom.ch\/fr\/wp-json\/wp\/v2\/media?parent=103186"}],"wp:term":[{"taxonomy":"product_brand","embeddable":true,"href":"https:\/\/hantom.ch\/fr\/wp-json\/wp\/v2\/product_brand?post=103186"},{"taxonomy":"product_cat","embeddable":true,"href":"https:\/\/hantom.ch\/fr\/wp-json\/wp\/v2\/product_cat?post=103186"},{"taxonomy":"product_tag","embeddable":true,"href":"https:\/\/hantom.ch\/fr\/wp-json\/wp\/v2\/product_tag?post=103186"}],"curies":[{"name":"wp","href":"https:\/\/api.w.org\/{rel}","templated":true}]}}