{"id":103188,"date":"2026-04-26T06:02:43","date_gmt":"2026-04-26T04:02:43","guid":{"rendered":"https:\/\/hantom.ch\/product\/f0405442-crochet-a-anneau-pour-mat-rond-montage-sur-bande-sot29-10-16mm-50x150mm-avec-percage-supplementaire-de-9mm\/"},"modified":"2026-04-01T10:43:45","modified_gmt":"2026-04-01T08:43:45","slug":"f0405442-crochet-a-anneau-pour-mat-rond-montage-sur-bande-sot29-10-16mm-50x150mm-avec-percage-supplementaire-de-9mm","status":"publish","type":"product","link":"https:\/\/hantom.ch\/fr\/produit\/f0405442-crochet-a-anneau-pour-mat-rond-montage-sur-bande-sot29-10-16mm-50x150mm-avec-percage-supplementaire-de-9mm\/","title":{"rendered":"F0405442 &#8211; Crochet \u00e0 anneau pour m\u00e2t rond, montage sur bande SOT29.10, 16mm, 50x150mm, avec per\u00e7age suppl\u00e9mentaire de 9mm"},"content":{"rendered":"","protected":false},"excerpt":{"rendered":"","protected":false},"featured_media":70725,"template":"","meta":[],"product_brand":[],"product_cat":[1364,1368],"product_tag":[],"class_list":{"0":"post-103188","1":"product","2":"type-product","3":"status-publish","4":"has-post-thumbnail","6":"product_cat-f04-fr","7":"product_cat-f0405-fr","9":"first","10":"instock","11":"taxable","12":"shipping-taxable","13":"purchasable","14":"product-type-simple"},"_links":{"self":[{"href":"https:\/\/hantom.ch\/fr\/wp-json\/wp\/v2\/product\/103188","targetHints":{"allow":["GET"]}}],"collection":[{"href":"https:\/\/hantom.ch\/fr\/wp-json\/wp\/v2\/product"}],"about":[{"href":"https:\/\/hantom.ch\/fr\/wp-json\/wp\/v2\/types\/product"}],"wp:featuredmedia":[{"embeddable":true,"href":"https:\/\/hantom.ch\/fr\/wp-json\/wp\/v2\/media\/70725"}],"wp:attachment":[{"href":"https:\/\/hantom.ch\/fr\/wp-json\/wp\/v2\/media?parent=103188"}],"wp:term":[{"taxonomy":"product_brand","embeddable":true,"href":"https:\/\/hantom.ch\/fr\/wp-json\/wp\/v2\/product_brand?post=103188"},{"taxonomy":"product_cat","embeddable":true,"href":"https:\/\/hantom.ch\/fr\/wp-json\/wp\/v2\/product_cat?post=103188"},{"taxonomy":"product_tag","embeddable":true,"href":"https:\/\/hantom.ch\/fr\/wp-json\/wp\/v2\/product_tag?post=103188"}],"curies":[{"name":"wp","href":"https:\/\/api.w.org\/{rel}","templated":true}]}}