{"id":103190,"date":"2026-04-14T06:45:53","date_gmt":"2026-04-14T04:45:53","guid":{"rendered":"https:\/\/hantom.ch\/product\/f0405451-crochet-a-anneau-pour-mat-rond-montage-sur-bande-sot76-16mm-96x200mm-resistance-superieure\/"},"modified":"2026-04-01T10:43:46","modified_gmt":"2026-04-01T08:43:46","slug":"f0405451-crochet-a-anneau-pour-mat-rond-montage-sur-bande-sot76-16mm-96x200mm-resistance-superieure","status":"publish","type":"product","link":"https:\/\/hantom.ch\/fr\/produit\/f0405451-crochet-a-anneau-pour-mat-rond-montage-sur-bande-sot76-16mm-96x200mm-resistance-superieure\/","title":{"rendered":"F0405451 &#8211; Crochet \u00e0 anneau pour m\u00e2t rond, montage sur bande SOT76, 16mm, 96x200mm, r\u00e9sistance sup\u00e9rieure"},"content":{"rendered":"","protected":false},"excerpt":{"rendered":"","protected":false},"featured_media":70726,"template":"","meta":[],"product_brand":[],"product_cat":[1364,1368],"product_tag":[],"class_list":{"0":"post-103190","1":"product","2":"type-product","3":"status-publish","4":"has-post-thumbnail","6":"product_cat-f04-fr","7":"product_cat-f0405-fr","9":"first","10":"instock","11":"taxable","12":"shipping-taxable","13":"purchasable","14":"product-type-simple"},"_links":{"self":[{"href":"https:\/\/hantom.ch\/fr\/wp-json\/wp\/v2\/product\/103190","targetHints":{"allow":["GET"]}}],"collection":[{"href":"https:\/\/hantom.ch\/fr\/wp-json\/wp\/v2\/product"}],"about":[{"href":"https:\/\/hantom.ch\/fr\/wp-json\/wp\/v2\/types\/product"}],"wp:featuredmedia":[{"embeddable":true,"href":"https:\/\/hantom.ch\/fr\/wp-json\/wp\/v2\/media\/70726"}],"wp:attachment":[{"href":"https:\/\/hantom.ch\/fr\/wp-json\/wp\/v2\/media?parent=103190"}],"wp:term":[{"taxonomy":"product_brand","embeddable":true,"href":"https:\/\/hantom.ch\/fr\/wp-json\/wp\/v2\/product_brand?post=103190"},{"taxonomy":"product_cat","embeddable":true,"href":"https:\/\/hantom.ch\/fr\/wp-json\/wp\/v2\/product_cat?post=103190"},{"taxonomy":"product_tag","embeddable":true,"href":"https:\/\/hantom.ch\/fr\/wp-json\/wp\/v2\/product_tag?post=103190"}],"curies":[{"name":"wp","href":"https:\/\/api.w.org\/{rel}","templated":true}]}}