{"id":103206,"date":"2026-04-28T06:17:00","date_gmt":"2026-04-28T04:17:00","guid":{"rendered":"https:\/\/hantom.ch\/product\/f0406108-ancrage-avec-anneau-pour-haubanage-de-mat-sh97-1-16mm-500mm-coude-a-90\/"},"modified":"2026-04-01T10:44:00","modified_gmt":"2026-04-01T08:44:00","slug":"f0406108-ancrage-avec-anneau-pour-haubanage-de-mat-sh97-1-16mm-500mm-coude-a-90","status":"publish","type":"product","link":"https:\/\/hantom.ch\/fr\/produit\/f0406108-ancrage-avec-anneau-pour-haubanage-de-mat-sh97-1-16mm-500mm-coude-a-90\/","title":{"rendered":"F0406108 &#8211; Ancrage avec anneau pour haubanage de m\u00e2t SH97.1, 16mm, 500mm, coud\u00e9 \u00e0 90\u00b0"},"content":{"rendered":"","protected":false},"excerpt":{"rendered":"","protected":false},"featured_media":73027,"template":"","meta":[],"product_brand":[],"product_cat":[1364,1369],"product_tag":[],"class_list":{"0":"post-103206","1":"product","2":"type-product","3":"status-publish","4":"has-post-thumbnail","6":"product_cat-f04-fr","7":"product_cat-f0406-fr","9":"first","10":"instock","11":"taxable","12":"shipping-taxable","13":"purchasable","14":"product-type-simple"},"_links":{"self":[{"href":"https:\/\/hantom.ch\/fr\/wp-json\/wp\/v2\/product\/103206","targetHints":{"allow":["GET"]}}],"collection":[{"href":"https:\/\/hantom.ch\/fr\/wp-json\/wp\/v2\/product"}],"about":[{"href":"https:\/\/hantom.ch\/fr\/wp-json\/wp\/v2\/types\/product"}],"wp:featuredmedia":[{"embeddable":true,"href":"https:\/\/hantom.ch\/fr\/wp-json\/wp\/v2\/media\/73027"}],"wp:attachment":[{"href":"https:\/\/hantom.ch\/fr\/wp-json\/wp\/v2\/media?parent=103206"}],"wp:term":[{"taxonomy":"product_brand","embeddable":true,"href":"https:\/\/hantom.ch\/fr\/wp-json\/wp\/v2\/product_brand?post=103206"},{"taxonomy":"product_cat","embeddable":true,"href":"https:\/\/hantom.ch\/fr\/wp-json\/wp\/v2\/product_cat?post=103206"},{"taxonomy":"product_tag","embeddable":true,"href":"https:\/\/hantom.ch\/fr\/wp-json\/wp\/v2\/product_tag?post=103206"}],"curies":[{"name":"wp","href":"https:\/\/api.w.org\/{rel}","templated":true}]}}