{"id":103209,"date":"2026-04-27T06:45:43","date_gmt":"2026-04-27T04:45:43","guid":{"rendered":"https:\/\/hantom.ch\/product\/f0406150-plaque-de-fixation-pour-haubanage-a-cable-incline-sh35-60x55mm-d-max-9mm\/"},"modified":"2026-04-01T10:44:01","modified_gmt":"2026-04-01T08:44:01","slug":"f0406150-plaque-de-fixation-pour-haubanage-a-cable-incline-sh35-60x55mm-d-max-9mm","status":"publish","type":"product","link":"https:\/\/hantom.ch\/fr\/produit\/f0406150-plaque-de-fixation-pour-haubanage-a-cable-incline-sh35-60x55mm-d-max-9mm\/","title":{"rendered":"F0406150 &#8211; Plaque de fixation pour haubanage \u00e0 c\u00e2ble inclin\u00e9 SH35, 60x55mm, D max.: 9mm"},"content":{"rendered":"","protected":false},"excerpt":{"rendered":"","protected":false},"featured_media":70628,"template":"","meta":[],"product_brand":[],"product_cat":[1364,1369],"product_tag":[],"class_list":{"0":"post-103209","1":"product","2":"type-product","3":"status-publish","4":"has-post-thumbnail","6":"product_cat-f04-fr","7":"product_cat-f0406-fr","9":"first","10":"instock","11":"taxable","12":"shipping-taxable","13":"purchasable","14":"product-type-simple"},"_links":{"self":[{"href":"https:\/\/hantom.ch\/fr\/wp-json\/wp\/v2\/product\/103209","targetHints":{"allow":["GET"]}}],"collection":[{"href":"https:\/\/hantom.ch\/fr\/wp-json\/wp\/v2\/product"}],"about":[{"href":"https:\/\/hantom.ch\/fr\/wp-json\/wp\/v2\/types\/product"}],"wp:featuredmedia":[{"embeddable":true,"href":"https:\/\/hantom.ch\/fr\/wp-json\/wp\/v2\/media\/70628"}],"wp:attachment":[{"href":"https:\/\/hantom.ch\/fr\/wp-json\/wp\/v2\/media?parent=103209"}],"wp:term":[{"taxonomy":"product_brand","embeddable":true,"href":"https:\/\/hantom.ch\/fr\/wp-json\/wp\/v2\/product_brand?post=103209"},{"taxonomy":"product_cat","embeddable":true,"href":"https:\/\/hantom.ch\/fr\/wp-json\/wp\/v2\/product_cat?post=103209"},{"taxonomy":"product_tag","embeddable":true,"href":"https:\/\/hantom.ch\/fr\/wp-json\/wp\/v2\/product_tag?post=103209"}],"curies":[{"name":"wp","href":"https:\/\/api.w.org\/{rel}","templated":true}]}}