{"id":103211,"date":"2026-04-28T06:17:08","date_gmt":"2026-04-28T04:17:08","guid":{"rendered":"https:\/\/hantom.ch\/product\/f0406152-plaque-de-fixation-pour-haubanage-par-cable-avec-poulie-sh215-20-82x100mm-diametre-de-mat-max-210mm\/"},"modified":"2026-04-01T10:44:02","modified_gmt":"2026-04-01T08:44:02","slug":"f0406152-plaque-de-fixation-pour-haubanage-par-cable-avec-poulie-sh215-20-82x100mm-diametre-de-mat-max-210mm","status":"publish","type":"product","link":"https:\/\/hantom.ch\/fr\/produit\/f0406152-plaque-de-fixation-pour-haubanage-par-cable-avec-poulie-sh215-20-82x100mm-diametre-de-mat-max-210mm\/","title":{"rendered":"F0406152 &#8211; Plaque de fixation pour haubanage par c\u00e2ble avec poulie SH215.20, 82x100mm, diam\u00e8tre de m\u00e2t max. 210mm"},"content":{"rendered":"","protected":false},"excerpt":{"rendered":"","protected":false},"featured_media":70611,"template":"","meta":[],"product_brand":[],"product_cat":[1364,1369],"product_tag":[],"class_list":{"0":"post-103211","1":"product","2":"type-product","3":"status-publish","4":"has-post-thumbnail","6":"product_cat-f04-fr","7":"product_cat-f0406-fr","9":"first","10":"instock","11":"taxable","12":"shipping-taxable","13":"purchasable","14":"product-type-simple"},"_links":{"self":[{"href":"https:\/\/hantom.ch\/fr\/wp-json\/wp\/v2\/product\/103211","targetHints":{"allow":["GET"]}}],"collection":[{"href":"https:\/\/hantom.ch\/fr\/wp-json\/wp\/v2\/product"}],"about":[{"href":"https:\/\/hantom.ch\/fr\/wp-json\/wp\/v2\/types\/product"}],"wp:featuredmedia":[{"embeddable":true,"href":"https:\/\/hantom.ch\/fr\/wp-json\/wp\/v2\/media\/70611"}],"wp:attachment":[{"href":"https:\/\/hantom.ch\/fr\/wp-json\/wp\/v2\/media?parent=103211"}],"wp:term":[{"taxonomy":"product_brand","embeddable":true,"href":"https:\/\/hantom.ch\/fr\/wp-json\/wp\/v2\/product_brand?post=103211"},{"taxonomy":"product_cat","embeddable":true,"href":"https:\/\/hantom.ch\/fr\/wp-json\/wp\/v2\/product_cat?post=103211"},{"taxonomy":"product_tag","embeddable":true,"href":"https:\/\/hantom.ch\/fr\/wp-json\/wp\/v2\/product_tag?post=103211"}],"curies":[{"name":"wp","href":"https:\/\/api.w.org\/{rel}","templated":true}]}}