{"id":103213,"date":"2026-04-28T06:17:11","date_gmt":"2026-04-28T04:17:11","guid":{"rendered":"https:\/\/hantom.ch\/product\/f0406171-plaque-de-raccordement-avec-cosse-sh525-1-70x193mm-percage-26mm-coude-a-40\/"},"modified":"2026-04-01T10:44:05","modified_gmt":"2026-04-01T08:44:05","slug":"f0406171-plaque-de-raccordement-avec-cosse-sh525-1-70x193mm-percage-26mm-coude-a-40","status":"publish","type":"product","link":"https:\/\/hantom.ch\/fr\/produit\/f0406171-plaque-de-raccordement-avec-cosse-sh525-1-70x193mm-percage-26mm-coude-a-40\/","title":{"rendered":"F0406171 &#8211; Plaque de raccordement avec cosse SH525.1, 70x193mm, per\u00e7age : 26mm, coud\u00e9 \u00e0 40"},"content":{"rendered":"","protected":false},"excerpt":{"rendered":"","protected":false},"featured_media":70485,"template":"","meta":[],"product_brand":[],"product_cat":[1364,1369],"product_tag":[],"class_list":{"0":"post-103213","1":"product","2":"type-product","3":"status-publish","4":"has-post-thumbnail","6":"product_cat-f04-fr","7":"product_cat-f0406-fr","9":"first","10":"instock","11":"taxable","12":"shipping-taxable","13":"purchasable","14":"product-type-simple"},"_links":{"self":[{"href":"https:\/\/hantom.ch\/fr\/wp-json\/wp\/v2\/product\/103213","targetHints":{"allow":["GET"]}}],"collection":[{"href":"https:\/\/hantom.ch\/fr\/wp-json\/wp\/v2\/product"}],"about":[{"href":"https:\/\/hantom.ch\/fr\/wp-json\/wp\/v2\/types\/product"}],"wp:featuredmedia":[{"embeddable":true,"href":"https:\/\/hantom.ch\/fr\/wp-json\/wp\/v2\/media\/70485"}],"wp:attachment":[{"href":"https:\/\/hantom.ch\/fr\/wp-json\/wp\/v2\/media?parent=103213"}],"wp:term":[{"taxonomy":"product_brand","embeddable":true,"href":"https:\/\/hantom.ch\/fr\/wp-json\/wp\/v2\/product_brand?post=103213"},{"taxonomy":"product_cat","embeddable":true,"href":"https:\/\/hantom.ch\/fr\/wp-json\/wp\/v2\/product_cat?post=103213"},{"taxonomy":"product_tag","embeddable":true,"href":"https:\/\/hantom.ch\/fr\/wp-json\/wp\/v2\/product_tag?post=103213"}],"curies":[{"name":"wp","href":"https:\/\/api.w.org\/{rel}","templated":true}]}}