{"id":103217,"date":"2026-04-30T06:30:59","date_gmt":"2026-04-30T04:30:59","guid":{"rendered":"https:\/\/hantom.ch\/product\/f0406201-vis-a-frapper-avec-oeillet-beton-briques-sh78-20mm-210mm\/"},"modified":"2026-04-01T10:44:07","modified_gmt":"2026-04-01T08:44:07","slug":"f0406201-vis-a-frapper-avec-oeillet-beton-briques-sh78-20mm-210mm","status":"publish","type":"product","link":"https:\/\/hantom.ch\/fr\/produit\/f0406201-vis-a-frapper-avec-oeillet-beton-briques-sh78-20mm-210mm\/","title":{"rendered":"F0406201 &#8211; Vis \u00e0 frapper avec \u0153illet (b\u00e9ton, briques\u2026) SH78, 20mm, 210mm"},"content":{"rendered":"","protected":false},"excerpt":{"rendered":"","protected":false},"featured_media":70488,"template":"","meta":[],"product_brand":[],"product_cat":[1364,1369],"product_tag":[],"class_list":{"0":"post-103217","1":"product","2":"type-product","3":"status-publish","4":"has-post-thumbnail","6":"product_cat-f04-fr","7":"product_cat-f0406-fr","9":"first","10":"instock","11":"taxable","12":"shipping-taxable","13":"purchasable","14":"product-type-simple"},"_links":{"self":[{"href":"https:\/\/hantom.ch\/fr\/wp-json\/wp\/v2\/product\/103217","targetHints":{"allow":["GET"]}}],"collection":[{"href":"https:\/\/hantom.ch\/fr\/wp-json\/wp\/v2\/product"}],"about":[{"href":"https:\/\/hantom.ch\/fr\/wp-json\/wp\/v2\/types\/product"}],"wp:featuredmedia":[{"embeddable":true,"href":"https:\/\/hantom.ch\/fr\/wp-json\/wp\/v2\/media\/70488"}],"wp:attachment":[{"href":"https:\/\/hantom.ch\/fr\/wp-json\/wp\/v2\/media?parent=103217"}],"wp:term":[{"taxonomy":"product_brand","embeddable":true,"href":"https:\/\/hantom.ch\/fr\/wp-json\/wp\/v2\/product_brand?post=103217"},{"taxonomy":"product_cat","embeddable":true,"href":"https:\/\/hantom.ch\/fr\/wp-json\/wp\/v2\/product_cat?post=103217"},{"taxonomy":"product_tag","embeddable":true,"href":"https:\/\/hantom.ch\/fr\/wp-json\/wp\/v2\/product_tag?post=103217"}],"curies":[{"name":"wp","href":"https:\/\/api.w.org\/{rel}","templated":true}]}}