{"id":103219,"date":"2026-04-28T06:17:20","date_gmt":"2026-04-28T04:17:20","guid":{"rendered":"https:\/\/hantom.ch\/product\/f0406203-vis-a-frapper-avec-oeillet-beton-briques-sh98-210x20mm-prolonge-par-une-connexion-oeillet-oeillet-1000x16mm\/"},"modified":"2026-04-01T10:44:08","modified_gmt":"2026-04-01T08:44:08","slug":"f0406203-vis-a-frapper-avec-oeillet-beton-briques-sh98-210x20mm-prolonge-par-une-connexion-oeillet-oeillet-1000x16mm","status":"publish","type":"product","link":"https:\/\/hantom.ch\/fr\/produit\/f0406203-vis-a-frapper-avec-oeillet-beton-briques-sh98-210x20mm-prolonge-par-une-connexion-oeillet-oeillet-1000x16mm\/","title":{"rendered":"F0406203 &#8211; Vis \u00e0 frapper avec \u0153illet (b\u00e9ton, briques\u2026) SH98, 210x20mm, prolong\u00e9 par une connexion \u0153illet\/\u0153illet 1000x16mm"},"content":{"rendered":"","protected":false},"excerpt":{"rendered":"","protected":false},"featured_media":70490,"template":"","meta":[],"product_brand":[],"product_cat":[1364,1369],"product_tag":[],"class_list":{"0":"post-103219","1":"product","2":"type-product","3":"status-publish","4":"has-post-thumbnail","6":"product_cat-f04-fr","7":"product_cat-f0406-fr","9":"first","10":"instock","11":"taxable","12":"shipping-taxable","13":"purchasable","14":"product-type-simple"},"_links":{"self":[{"href":"https:\/\/hantom.ch\/fr\/wp-json\/wp\/v2\/product\/103219","targetHints":{"allow":["GET"]}}],"collection":[{"href":"https:\/\/hantom.ch\/fr\/wp-json\/wp\/v2\/product"}],"about":[{"href":"https:\/\/hantom.ch\/fr\/wp-json\/wp\/v2\/types\/product"}],"wp:featuredmedia":[{"embeddable":true,"href":"https:\/\/hantom.ch\/fr\/wp-json\/wp\/v2\/media\/70490"}],"wp:attachment":[{"href":"https:\/\/hantom.ch\/fr\/wp-json\/wp\/v2\/media?parent=103219"}],"wp:term":[{"taxonomy":"product_brand","embeddable":true,"href":"https:\/\/hantom.ch\/fr\/wp-json\/wp\/v2\/product_brand?post=103219"},{"taxonomy":"product_cat","embeddable":true,"href":"https:\/\/hantom.ch\/fr\/wp-json\/wp\/v2\/product_cat?post=103219"},{"taxonomy":"product_tag","embeddable":true,"href":"https:\/\/hantom.ch\/fr\/wp-json\/wp\/v2\/product_tag?post=103219"}],"curies":[{"name":"wp","href":"https:\/\/api.w.org\/{rel}","templated":true}]}}