{"id":103220,"date":"2026-04-30T06:31:04","date_gmt":"2026-04-30T04:31:04","guid":{"rendered":"https:\/\/hantom.ch\/product\/f0406204-vis-a-frapper-avec-oeillet-beton-briques-sh99-210x20mm-prolonge-par-une-connexion-oeillet-oeillet-1000x20mm\/"},"modified":"2026-04-01T10:44:08","modified_gmt":"2026-04-01T08:44:08","slug":"f0406204-vis-a-frapper-avec-oeillet-beton-briques-sh99-210x20mm-prolonge-par-une-connexion-oeillet-oeillet-1000x20mm","status":"publish","type":"product","link":"https:\/\/hantom.ch\/fr\/produit\/f0406204-vis-a-frapper-avec-oeillet-beton-briques-sh99-210x20mm-prolonge-par-une-connexion-oeillet-oeillet-1000x20mm\/","title":{"rendered":"F0406204 &#8211; Vis \u00e0 frapper avec \u0153illet (b\u00e9ton, briques\u2026) SH99, 210x20mm, prolong\u00e9 par une connexion \u0153illet\/\u0153illet 1000x20mm"},"content":{"rendered":"","protected":false},"excerpt":{"rendered":"","protected":false},"featured_media":70491,"template":"","meta":[],"product_brand":[],"product_cat":[1364,1369],"product_tag":[],"class_list":{"0":"post-103220","1":"product","2":"type-product","3":"status-publish","4":"has-post-thumbnail","6":"product_cat-f04-fr","7":"product_cat-f0406-fr","9":"first","10":"instock","11":"taxable","12":"shipping-taxable","13":"purchasable","14":"product-type-simple"},"_links":{"self":[{"href":"https:\/\/hantom.ch\/fr\/wp-json\/wp\/v2\/product\/103220","targetHints":{"allow":["GET"]}}],"collection":[{"href":"https:\/\/hantom.ch\/fr\/wp-json\/wp\/v2\/product"}],"about":[{"href":"https:\/\/hantom.ch\/fr\/wp-json\/wp\/v2\/types\/product"}],"wp:featuredmedia":[{"embeddable":true,"href":"https:\/\/hantom.ch\/fr\/wp-json\/wp\/v2\/media\/70491"}],"wp:attachment":[{"href":"https:\/\/hantom.ch\/fr\/wp-json\/wp\/v2\/media?parent=103220"}],"wp:term":[{"taxonomy":"product_brand","embeddable":true,"href":"https:\/\/hantom.ch\/fr\/wp-json\/wp\/v2\/product_brand?post=103220"},{"taxonomy":"product_cat","embeddable":true,"href":"https:\/\/hantom.ch\/fr\/wp-json\/wp\/v2\/product_cat?post=103220"},{"taxonomy":"product_tag","embeddable":true,"href":"https:\/\/hantom.ch\/fr\/wp-json\/wp\/v2\/product_tag?post=103220"}],"curies":[{"name":"wp","href":"https:\/\/api.w.org\/{rel}","templated":true}]}}