{"id":103222,"date":"2026-04-30T06:31:08","date_gmt":"2026-04-30T04:31:08","guid":{"rendered":"https:\/\/hantom.ch\/product\/f0406230-vis-filetee-a-frapper-beton-briques-sh85-210x20mm-avec-ecrou-m20\/"},"modified":"2026-04-01T10:44:09","modified_gmt":"2026-04-01T08:44:09","slug":"f0406230-vis-filetee-a-frapper-beton-briques-sh85-210x20mm-avec-ecrou-m20","status":"publish","type":"product","link":"https:\/\/hantom.ch\/fr\/produit\/f0406230-vis-filetee-a-frapper-beton-briques-sh85-210x20mm-avec-ecrou-m20\/","title":{"rendered":"F0406230 &#8211; Vis filet\u00e9e, \u00e0 frapper (b\u00e9ton, briques&#8230;) SH85, 210x20mm, avec \u00e9crou M20"},"content":{"rendered":"","protected":false},"excerpt":{"rendered":"","protected":false},"featured_media":70493,"template":"","meta":[],"product_brand":[],"product_cat":[1364,1369],"product_tag":[],"class_list":{"0":"post-103222","1":"product","2":"type-product","3":"status-publish","4":"has-post-thumbnail","6":"product_cat-f04-fr","7":"product_cat-f0406-fr","9":"first","10":"instock","11":"taxable","12":"shipping-taxable","13":"purchasable","14":"product-type-simple"},"_links":{"self":[{"href":"https:\/\/hantom.ch\/fr\/wp-json\/wp\/v2\/product\/103222","targetHints":{"allow":["GET"]}}],"collection":[{"href":"https:\/\/hantom.ch\/fr\/wp-json\/wp\/v2\/product"}],"about":[{"href":"https:\/\/hantom.ch\/fr\/wp-json\/wp\/v2\/types\/product"}],"wp:featuredmedia":[{"embeddable":true,"href":"https:\/\/hantom.ch\/fr\/wp-json\/wp\/v2\/media\/70493"}],"wp:attachment":[{"href":"https:\/\/hantom.ch\/fr\/wp-json\/wp\/v2\/media?parent=103222"}],"wp:term":[{"taxonomy":"product_brand","embeddable":true,"href":"https:\/\/hantom.ch\/fr\/wp-json\/wp\/v2\/product_brand?post=103222"},{"taxonomy":"product_cat","embeddable":true,"href":"https:\/\/hantom.ch\/fr\/wp-json\/wp\/v2\/product_cat?post=103222"},{"taxonomy":"product_tag","embeddable":true,"href":"https:\/\/hantom.ch\/fr\/wp-json\/wp\/v2\/product_tag?post=103222"}],"curies":[{"name":"wp","href":"https:\/\/api.w.org\/{rel}","templated":true}]}}