{"id":103229,"date":"2026-04-30T06:31:20","date_gmt":"2026-04-30T04:31:20","guid":{"rendered":"https:\/\/hantom.ch\/product\/f0406411-renfort-de-pied-de-mat-sh2-pour-mats-en-bois-l1500mm-diametre-du-mat-210-260mm\/"},"modified":"2026-04-01T10:44:15","modified_gmt":"2026-04-01T08:44:15","slug":"f0406411-renfort-de-pied-de-mat-sh2-pour-mats-en-bois-l1500mm-diametre-du-mat-210-260mm","status":"publish","type":"product","link":"https:\/\/hantom.ch\/fr\/produit\/f0406411-renfort-de-pied-de-mat-sh2-pour-mats-en-bois-l1500mm-diametre-du-mat-210-260mm\/","title":{"rendered":"F0406411 &#8211; Renfort de pied de m\u00e2t SH2 pour m\u00e2ts en bois, L:1500mm, diam\u00e8tre du m\u00e2t : 210-260mm"},"content":{"rendered":"","protected":false},"excerpt":{"rendered":"","protected":false},"featured_media":70495,"template":"","meta":[],"product_brand":[],"product_cat":[1364,1369],"product_tag":[],"class_list":{"0":"post-103229","1":"product","2":"type-product","3":"status-publish","4":"has-post-thumbnail","6":"product_cat-f04-fr","7":"product_cat-f0406-fr","9":"first","10":"instock","11":"taxable","12":"shipping-taxable","13":"purchasable","14":"product-type-simple"},"_links":{"self":[{"href":"https:\/\/hantom.ch\/fr\/wp-json\/wp\/v2\/product\/103229","targetHints":{"allow":["GET"]}}],"collection":[{"href":"https:\/\/hantom.ch\/fr\/wp-json\/wp\/v2\/product"}],"about":[{"href":"https:\/\/hantom.ch\/fr\/wp-json\/wp\/v2\/types\/product"}],"wp:featuredmedia":[{"embeddable":true,"href":"https:\/\/hantom.ch\/fr\/wp-json\/wp\/v2\/media\/70495"}],"wp:attachment":[{"href":"https:\/\/hantom.ch\/fr\/wp-json\/wp\/v2\/media?parent=103229"}],"wp:term":[{"taxonomy":"product_brand","embeddable":true,"href":"https:\/\/hantom.ch\/fr\/wp-json\/wp\/v2\/product_brand?post=103229"},{"taxonomy":"product_cat","embeddable":true,"href":"https:\/\/hantom.ch\/fr\/wp-json\/wp\/v2\/product_cat?post=103229"},{"taxonomy":"product_tag","embeddable":true,"href":"https:\/\/hantom.ch\/fr\/wp-json\/wp\/v2\/product_tag?post=103229"}],"curies":[{"name":"wp","href":"https:\/\/api.w.org\/{rel}","templated":true}]}}